{"id":425,"date":"2023-06-15T17:58:23","date_gmt":"2023-06-15T15:58:23","guid":{"rendered":"https:\/\/astrosolsones.com\/?page_id=425"},"modified":"2026-02-04T13:48:38","modified_gmt":"2026-02-04T12:48:38","slug":"centre-astronomic-del-castell-de-lladurs","status":"publish","type":"page","link":"https:\/\/astrosolsones.com\/es\/centre-astronomic-del-castell-de-lladurs\/","title":{"rendered":"CENTRO ASTRON\u00d3MICO DEL CASTELL DE LLADURS"},"content":{"rendered":"\n<p><\/p>\n\n\n\n<figure class=\"wp-block-image\"><img loading=\"lazy\" decoding=\"async\" width=\"1024\" height=\"1024\" src=\"https:\/\/astrosolsones.com\/wp-content\/uploads\/2023\/05\/IMG_20230508_165044-quadrat-1024x1024.jpg\" alt=\"Telescopi al castell de Lladurs\" class=\"wp-image-409\" srcset=\"https:\/\/astrosolsones.com\/wp-content\/uploads\/2023\/05\/IMG_20230508_165044-quadrat-1024x1024.jpg 1024w, https:\/\/astrosolsones.com\/wp-content\/uploads\/2023\/05\/IMG_20230508_165044-quadrat-300x300.jpg 300w, https:\/\/astrosolsones.com\/wp-content\/uploads\/2023\/05\/IMG_20230508_165044-quadrat-150x150.jpg 150w, https:\/\/astrosolsones.com\/wp-content\/uploads\/2023\/05\/IMG_20230508_165044-quadrat-768x768.jpg 768w, https:\/\/astrosolsones.com\/wp-content\/uploads\/2023\/05\/IMG_20230508_165044-quadrat-1536x1536.jpg 1536w, https:\/\/astrosolsones.com\/wp-content\/uploads\/2023\/05\/IMG_20230508_165044-quadrat-2048x2048.jpg 2048w, https:\/\/astrosolsones.com\/wp-content\/uploads\/2023\/05\/IMG_20230508_165044-quadrat-100x100.jpg 100w\" sizes=\"auto, (max-width: 706px) 89vw, (max-width: 767px) 82vw, 740px\" \/><figcaption class=\"wp-element-caption\">Telescopios del Centre Astron\u00f2mic<\/figcaption><\/figure>\n\n\n\n<p><\/p>\n\n\n\n<p>El Centre Astron\u00f2mic del castell de Lladurs lo ha impulsado el Ayuntamiento de Lladurs (Lleida) en un castillo medieval de propiedad municipal. La voluntad del Ayuntamiento es revalorizarlo y darle la importancia que ha tenido a lo largo de 1000 a\u00f1os de historia. Dentro de las actividades que alberga hay un centro astron\u00f3mico totalmente integrado que permitir\u00e1 a todas las personas visitantes acercarse a la astronom\u00eda y disfrutar con la observaci\u00f3n de las estrellas desde un punto con muy buenas condiciones de oscuridad nocturna. Estos tipos de actividades son muy bien valoradas y constituyen una experiencia que dif\u00edcilmente podr\u00e1n borrar de su memoria a los visitantes que las disfruten. <\/p>\n\n\n\n<p>El centro dispone de dos telescopios. El primero es un potente telescopio astron\u00f3mico para observar la luna, planetas, galaxias y nebulosas. El segundo es un telescopio espec\u00edfico para la observaci\u00f3n segura del Sol y permite observar las manchas solares, protuberancias solares y eyecciones de masa coronal cuando se producen. <\/p>\n\n\n\n<p>El centro est\u00e1 gestionado por Astrosolson\u00e8s (astrosolsones.com) y programa actividades relacionadas con la astronom\u00eda y la astrofotograf\u00eda. La actividad principal es la Noche de estrellas en el castillo de Lladurs y consiste en una breve introducci\u00f3n a la astronom\u00eda en la sala multimedia, el reconocimiento de estrellas, planetas y constelaciones con la ayuda de un potente l\u00e1ser y una observaci\u00f3n de estrellas con telescopio en la torre del castillo. Es imprescindible la adquisici\u00f3n de entradas. Pero tambi\u00e9n puede concertarse una sesi\u00f3n en exclusiva, para grupos o en ingl\u00e9s. Para m\u00e1s informaci\u00f3n consultar el siguiente link:<\/p>\n\n\n\n<div class=\"wp-block-buttons is-layout-flex wp-block-buttons-is-layout-flex\">\n<div class=\"wp-block-button\"><a class=\"wp-block-button__link wp-element-button\" href=\"https:\/\/astrosolsones.com\/es\/\" target=\"_blank\" rel=\"noreferrer noopener\">M\u00e1s informaci\u00f3n de las Noches de estrellas en el castillo de Lladurs<\/a><\/div>\n<\/div>\n\n\n\n<p><\/p>\n\n\n\n<p>Tambi\u00e9n se programa una actividad diurna, la Observaci\u00f3n del Sol en el castillo de Lladurs. Y consiste en observar el Sol con unos filtros homologados totalmente seguros para ver las manchas solares y las protuberancias o erupciones solares. Al principio de la actividad se hace una explicaci\u00f3n de nuestra estrella y de lo que veremos en el telescopio. <\/p>\n\n\n\n<p>Y tambi\u00e9n se organizan sesiones especiales como lluvia de estrellas, superluna o conciertos.<\/p>\n\n\n\n<p>Para consultas y reservas de sesiones en espa\u00f1ol enviar un correo a info@astrosones.com<\/p>\n\n\n\n<p>Asimismo, se organizaron peri\u00f3dicamente actividades abiertas al p\u00fablico en colaboraci\u00f3n con el Ayuntamiento de Lladurs como son cursos, observaciones astron\u00f3micas y colaboraciones con la escuela de Lladurs. <\/p>\n\n\n\n<p>Los objetivos del centro son difundir la astronom\u00eda de forma l\u00fadica disfrutando del espect\u00e1culo de una noche estrellada. Tambi\u00e9n quiere convertirse en un centro referente de actividades educativas relacionadas con la astronom\u00eda para los centros educativos del Solson\u00e8s. Y finalmente quiere poner en valor el cielo oscuro, concienciando a los visitantes del grave problema de la contaminaci\u00f3n luminosa. <\/p>\n\n\n\n<p>Os ofrecemos las primeras fotograf\u00edas astron\u00f3micas captadas desde las instalaciones del Centre Astron\u00f2mic del castell de Lladurs:<\/p>\n\n\n\n<figure class=\"wp-block-image\"><img loading=\"lazy\" decoding=\"async\" width=\"1024\" height=\"1024\" src=\"https:\/\/astrosolsones.com\/wp-content\/uploads\/2023\/06\/DSC0365-Editar1500_1500-1024x1024.jpg\" alt=\"LLuna creixent\" class=\"wp-image-454\" srcset=\"https:\/\/astrosolsones.com\/wp-content\/uploads\/2023\/06\/DSC0365-Editar1500_1500-1024x1024.jpg 1024w, https:\/\/astrosolsones.com\/wp-content\/uploads\/2023\/06\/DSC0365-Editar1500_1500-300x300.jpg 300w, https:\/\/astrosolsones.com\/wp-content\/uploads\/2023\/06\/DSC0365-Editar1500_1500-150x150.jpg 150w, https:\/\/astrosolsones.com\/wp-content\/uploads\/2023\/06\/DSC0365-Editar1500_1500-768x768.jpg 768w, https:\/\/astrosolsones.com\/wp-content\/uploads\/2023\/06\/DSC0365-Editar1500_1500-100x100.jpg 100w, https:\/\/astrosolsones.com\/wp-content\/uploads\/2023\/06\/DSC0365-Editar1500_1500.jpg 1500w\" sizes=\"auto, (max-width: 706px) 89vw, (max-width: 767px) 82vw, 740px\" \/><figcaption class=\"wp-element-caption\">Luna creciente<\/figcaption><\/figure>\n\n\n\n<figure class=\"wp-block-image\"><img loading=\"lazy\" decoding=\"async\" width=\"1024\" height=\"1024\" src=\"https:\/\/astrosolsones.com\/wp-content\/uploads\/2023\/06\/M57_DSC0368-ARW_DxO_DeepPRIME-1024x1024.jpg\" alt=\"Nebulosa planet\u00e0ria\" class=\"wp-image-455\" srcset=\"https:\/\/astrosolsones.com\/wp-content\/uploads\/2023\/06\/M57_DSC0368-ARW_DxO_DeepPRIME-1024x1024.jpg 1024w, https:\/\/astrosolsones.com\/wp-content\/uploads\/2023\/06\/M57_DSC0368-ARW_DxO_DeepPRIME-300x300.jpg 300w, https:\/\/astrosolsones.com\/wp-content\/uploads\/2023\/06\/M57_DSC0368-ARW_DxO_DeepPRIME-150x150.jpg 150w, https:\/\/astrosolsones.com\/wp-content\/uploads\/2023\/06\/M57_DSC0368-ARW_DxO_DeepPRIME-768x768.jpg 768w, https:\/\/astrosolsones.com\/wp-content\/uploads\/2023\/06\/M57_DSC0368-ARW_DxO_DeepPRIME-100x100.jpg 100w, https:\/\/astrosolsones.com\/wp-content\/uploads\/2023\/06\/M57_DSC0368-ARW_DxO_DeepPRIME.jpg 1238w\" sizes=\"auto, (max-width: 706px) 89vw, (max-width: 767px) 82vw, 740px\" \/><figcaption class=\"wp-element-caption\">Nebulosa del Anillo en la constelaci\u00f3n de Lyra<\/figcaption><\/figure>\n\n\n<div class=\"wp-block-image\">\n<figure class=\"aligncenter is-resized\"><img loading=\"lazy\" decoding=\"async\" width=\"1024\" height=\"1024\" src=\"https:\/\/astrosolsones.com\/wp-content\/uploads\/2023\/06\/DSC07901-Editar-1024x1024.jpg\" alt=\"Imatge del sol on es veu taques solars i protuber\u00e0ncies\" class=\"wp-image-453\" style=\"width:674px;height:auto\" srcset=\"https:\/\/astrosolsones.com\/wp-content\/uploads\/2023\/06\/DSC07901-Editar-1024x1024.jpg 1024w, https:\/\/astrosolsones.com\/wp-content\/uploads\/2023\/06\/DSC07901-Editar-300x300.jpg 300w, https:\/\/astrosolsones.com\/wp-content\/uploads\/2023\/06\/DSC07901-Editar-150x150.jpg 150w, https:\/\/astrosolsones.com\/wp-content\/uploads\/2023\/06\/DSC07901-Editar-768x768.jpg 768w, https:\/\/astrosolsones.com\/wp-content\/uploads\/2023\/06\/DSC07901-Editar-100x100.jpg 100w, https:\/\/astrosolsones.com\/wp-content\/uploads\/2023\/06\/DSC07901-Editar.jpg 1358w\" sizes=\"auto, (max-width: 706px) 89vw, (max-width: 767px) 82vw, 740px\" \/><figcaption class=\"wp-element-caption\">Fotografia del Sol con filtro Halfa<\/figcaption><\/figure>\n<\/div>","protected":false},"excerpt":{"rendered":"<p>Telescopios del Centre Astron\u00f2mic El Centre Astron\u00f2mic del castell de Lladurs lo ha impulsado el Ayuntamiento de Lladurs (Lleida) en un castillo medieval de propiedad municipal. La voluntad del Ayuntamiento es revalorizarlo y darle la importancia que ha tenido a lo largo de 1000 a\u00f1os de historia. Dentro de las actividades que alberga hay un &hellip; <\/p>\n<p class=\"link-more\"><a href=\"https:\/\/astrosolsones.com\/es\/centre-astronomic-del-castell-de-lladurs\/\" class=\"more-link\">Continuar leyendo<span class=\"screen-reader-text\"> \u00abCENTRO ASTRON\u00d3MICO DEL CASTELL DE LLADURS\u00bb<\/span><\/a><\/p>\n","protected":false},"author":1,"featured_media":0,"parent":0,"menu_order":0,"comment_status":"closed","ping_status":"closed","template":"","meta":{"footnotes":""},"class_list":["post-425","page","type-page","status-publish","hentry"],"translation":{"provider":"WPGlobus","version":"3.0.2","language":"es","enabled_languages":["ca","es","en"],"languages":{"ca":{"title":true,"content":true,"excerpt":false},"es":{"title":true,"content":true,"excerpt":false},"en":{"title":true,"content":true,"excerpt":false}}},"yoast_head":"<!-- This site is optimized with the Yoast SEO plugin v27.3 - https:\/\/yoast.com\/product\/yoast-seo-wordpress\/ -->\n<title>CENTRO ASTRON\u00d3MICO DEL CASTELL DE LLADURS - Astronom\u00eda en el Solson\u00e8s<\/title>\n<meta name=\"robots\" content=\"index, follow, max-snippet:-1, max-image-preview:large, max-video-preview:-1\" \/>\n<link rel=\"canonical\" href=\"https:\/\/astrosolsones.com\/centre-astronomic-del-castell-de-lladurs\/\" \/>\n<meta property=\"og:locale\" content=\"es_ES\" \/>\n<meta property=\"og:type\" content=\"article\" \/>\n<meta property=\"og:title\" content=\"CENTRO ASTRON\u00d3MICO DEL CASTELL DE LLADURS - Astronom\u00eda en el Solson\u00e8s\" \/>\n<meta property=\"og:url\" content=\"https:\/\/astrosolsones.com\/centre-astronomic-del-castell-de-lladurs\/\" \/>\n<meta property=\"og:site_name\" content=\"Astronom\u00eda en el Solson\u00e8s\" \/>\n<meta property=\"article:modified_time\" content=\"2026-02-04T12:48:38+00:00\" \/>\n<meta property=\"og:image\" content=\"https:\/\/astrosolsones.com\/wp-content\/uploads\/2023\/05\/IMG_20230508_165044-quadrat-scaled.jpg\" \/>\n\t<meta property=\"og:image:width\" content=\"2560\" \/>\n\t<meta property=\"og:image:height\" content=\"2560\" \/>\n\t<meta property=\"og:image:type\" content=\"image\/jpeg\" \/>\n<meta name=\"twitter:card\" content=\"summary_large_image\" \/>\n<meta name=\"twitter:label1\" content=\"Tiempo de lectura\" \/>\n\t<meta name=\"twitter:data1\" content=\"5 minutos\" \/>\n<script type=\"application\/ld+json\" class=\"yoast-schema-graph\">{\"@context\":\"https:\\\/\\\/schema.org\",\"@graph\":[{\"@type\":\"WebPage\",\"@id\":\"https:\\\/\\\/astrosolsones.com\\\/centre-astronomic-del-castell-de-lladurs\\\/\",\"url\":\"https:\\\/\\\/astrosolsones.com\\\/centre-astronomic-del-castell-de-lladurs\\\/\",\"name\":\"CENTRO ASTRON\u00d3MICO DEL CASTELL DE LLADURS - Astronom\u00eda en el Solson\u00e8s\",\"isPartOf\":{\"@id\":\"https:\\\/\\\/astrosolsones.com\\\/#website\"},\"primaryImageOfPage\":{\"@id\":\"https:\\\/\\\/astrosolsones.com\\\/centre-astronomic-del-castell-de-lladurs\\\/#primaryimage\"},\"image\":{\"@id\":\"https:\\\/\\\/astrosolsones.com\\\/centre-astronomic-del-castell-de-lladurs\\\/#primaryimage\"},\"thumbnailUrl\":\"https:\\\/\\\/astrosolsones.com\\\/wp-content\\\/uploads\\\/2023\\\/05\\\/IMG_20230508_165044-quadrat-1024x1024.jpg\",\"datePublished\":\"2023-06-15T15:58:23+00:00\",\"dateModified\":\"2026-02-04T12:48:38+00:00\",\"description\":\"El Centre Astron\u00f2mic del castell de Lladurs ha estat impulsat per l'Ajuntament en un castell medieval La voluntat \u00e9s revaloritzar-lo i donar-li la import\u00e0ncia que ha tingut al llarg de 1000 anys d'hist\u00f2ria. Dins de les activitats que acull hi ha un centre astron\u00f2mic totalment integrat que permetr\u00e0 a totes les persones visitants acostar-se a l'astronomia i gaudir amb la observaci\u00f3 dels estels des d'un punt amb molt bones condicions de foscor nocturna. Aquests tipus d'activitats son molt ben valorades i constitueixen una experi\u00e8ncia que dif\u00edcilment podr\u00e0n esborrar de la seva mem\u00f2ria els visitants que les gaudeixin.\",\"breadcrumb\":{\"@id\":\"https:\\\/\\\/astrosolsones.com\\\/centre-astronomic-del-castell-de-lladurs\\\/#breadcrumb\"},\"inLanguage\":\"es\",\"potentialAction\":[{\"@type\":\"ReadAction\",\"target\":[\"https:\\\/\\\/astrosolsones.com\\\/centre-astronomic-del-castell-de-lladurs\\\/\"]}]},{\"@type\":\"ImageObject\",\"inLanguage\":\"es\",\"@id\":\"https:\\\/\\\/astrosolsones.com\\\/centre-astronomic-del-castell-de-lladurs\\\/#primaryimage\",\"url\":\"https:\\\/\\\/astrosolsones.com\\\/wp-content\\\/uploads\\\/2023\\\/05\\\/IMG_20230508_165044-quadrat-1024x1024.jpg\",\"contentUrl\":\"https:\\\/\\\/astrosolsones.com\\\/wp-content\\\/uploads\\\/2023\\\/05\\\/IMG_20230508_165044-quadrat-1024x1024.jpg\"},{\"@type\":\"BreadcrumbList\",\"@id\":\"https:\\\/\\\/astrosolsones.com\\\/centre-astronomic-del-castell-de-lladurs\\\/#breadcrumb\",\"itemListElement\":[{\"@type\":\"ListItem\",\"position\":1,\"name\":\"Home\",\"item\":\"https:\\\/\\\/astrosolsones.com\\\/\"},{\"@type\":\"ListItem\",\"position\":2,\"name\":\"CENTRE ASTRON\u00d2MIC DEL CASTELL DE LLADURS\"}]},{\"@type\":\"WebSite\",\"@id\":\"https:\\\/\\\/astrosolsones.com\\\/#website\",\"url\":\"https:\\\/\\\/astrosolsones.com\\\/\",\"name\":\"Astronomia al Solson\u00e8s\",\"description\":\"Observaci\u00f3n de estrellas, constelaciones y planetas Astroturismo\",\"publisher\":{\"@id\":\"https:\\\/\\\/astrosolsones.com\\\/#organization\"},\"potentialAction\":[{\"@type\":\"SearchAction\",\"target\":{\"@type\":\"EntryPoint\",\"urlTemplate\":\"https:\\\/\\\/astrosolsones.com\\\/?s={search_term_string}\"},\"query-input\":{\"@type\":\"PropertyValueSpecification\",\"valueRequired\":true,\"valueName\":\"search_term_string\"}}],\"inLanguage\":\"es\"},{\"@type\":\"Organization\",\"@id\":\"https:\\\/\\\/astrosolsones.com\\\/#organization\",\"name\":\"Astronomia al Solson\u00e8s\",\"url\":\"https:\\\/\\\/astrosolsones.com\\\/\",\"logo\":{\"@type\":\"ImageObject\",\"inLanguage\":\"es\",\"@id\":\"https:\\\/\\\/astrosolsones.com\\\/#\\\/schema\\\/logo\\\/image\\\/\",\"url\":\"https:\\\/\\\/astrosolsones.com\\\/wp-content\\\/uploads\\\/2024\\\/06\\\/Logo-Astrosolsones-fons-blanc.png\",\"contentUrl\":\"https:\\\/\\\/astrosolsones.com\\\/wp-content\\\/uploads\\\/2024\\\/06\\\/Logo-Astrosolsones-fons-blanc.png\",\"width\":1983,\"height\":1640,\"caption\":\"Astronomia al Solson\u00e8s\"},\"image\":{\"@id\":\"https:\\\/\\\/astrosolsones.com\\\/#\\\/schema\\\/logo\\\/image\\\/\"},\"sameAs\":[\"https:\\\/\\\/www.instagram.com\\\/astrosolsones\\\/\"]}]}<\/script>\n<!-- \/ Yoast SEO plugin. -->","yoast_head_json":{"title":"CENTRO ASTRON\u00d3MICO DEL CASTELL DE LLADURS - Astronom\u00eda en el Solson\u00e8s","robots":{"index":"index","follow":"follow","max-snippet":"max-snippet:-1","max-image-preview":"max-image-preview:large","max-video-preview":"max-video-preview:-1"},"canonical":"https:\/\/astrosolsones.com\/centre-astronomic-del-castell-de-lladurs\/","og_locale":"es_ES","og_type":"article","og_title":"CENTRO ASTRON\u00d3MICO DEL CASTELL DE LLADURS - Astronom\u00eda en el Solson\u00e8s","og_url":"https:\/\/astrosolsones.com\/centre-astronomic-del-castell-de-lladurs\/","og_site_name":"Astronom\u00eda en el Solson\u00e8s","article_modified_time":"2026-02-04T12:48:38+00:00","og_image":[{"width":2560,"height":2560,"url":"https:\/\/astrosolsones.com\/wp-content\/uploads\/2023\/05\/IMG_20230508_165044-quadrat-scaled.jpg","type":"image\/jpeg"}],"twitter_card":"summary_large_image","twitter_misc":{"Tiempo de lectura":"5 minutos"},"schema":{"@context":"https:\/\/schema.org","@graph":[{"@type":"WebPage","@id":"https:\/\/astrosolsones.com\/centre-astronomic-del-castell-de-lladurs\/","url":"https:\/\/astrosolsones.com\/centre-astronomic-del-castell-de-lladurs\/","name":"CENTRO ASTRON\u00d3MICO DEL CASTELL DE LLADURS - Astronom\u00eda en el Solson\u00e8s","isPartOf":{"@id":"https:\/\/astrosolsones.com\/#website"},"primaryImageOfPage":{"@id":"https:\/\/astrosolsones.com\/centre-astronomic-del-castell-de-lladurs\/#primaryimage"},"image":{"@id":"https:\/\/astrosolsones.com\/centre-astronomic-del-castell-de-lladurs\/#primaryimage"},"thumbnailUrl":"https:\/\/astrosolsones.com\/wp-content\/uploads\/2023\/05\/IMG_20230508_165044-quadrat-1024x1024.jpg","datePublished":"2023-06-15T15:58:23+00:00","dateModified":"2026-02-04T12:48:38+00:00","description":"El Centre Astron\u00f2mic del castell de Lladurs ha estat impulsat per l'Ajuntament en un castell medieval La voluntat \u00e9s revaloritzar-lo i donar-li la import\u00e0ncia que ha tingut al llarg de 1000 anys d'hist\u00f2ria. Dins de les activitats que acull hi ha un centre astron\u00f2mic totalment integrat que permetr\u00e0 a totes les persones visitants acostar-se a l'astronomia i gaudir amb la observaci\u00f3 dels estels des d'un punt amb molt bones condicions de foscor nocturna. Aquests tipus d'activitats son molt ben valorades i constitueixen una experi\u00e8ncia que dif\u00edcilment podr\u00e0n esborrar de la seva mem\u00f2ria els visitants que les gaudeixin.","breadcrumb":{"@id":"https:\/\/astrosolsones.com\/centre-astronomic-del-castell-de-lladurs\/#breadcrumb"},"inLanguage":"es","potentialAction":[{"@type":"ReadAction","target":["https:\/\/astrosolsones.com\/centre-astronomic-del-castell-de-lladurs\/"]}]},{"@type":"ImageObject","inLanguage":"es","@id":"https:\/\/astrosolsones.com\/centre-astronomic-del-castell-de-lladurs\/#primaryimage","url":"https:\/\/astrosolsones.com\/wp-content\/uploads\/2023\/05\/IMG_20230508_165044-quadrat-1024x1024.jpg","contentUrl":"https:\/\/astrosolsones.com\/wp-content\/uploads\/2023\/05\/IMG_20230508_165044-quadrat-1024x1024.jpg"},{"@type":"BreadcrumbList","@id":"https:\/\/astrosolsones.com\/centre-astronomic-del-castell-de-lladurs\/#breadcrumb","itemListElement":[{"@type":"ListItem","position":1,"name":"Home","item":"https:\/\/astrosolsones.com\/"},{"@type":"ListItem","position":2,"name":"CENTRE ASTRON\u00d2MIC DEL CASTELL DE LLADURS"}]},{"@type":"WebSite","@id":"https:\/\/astrosolsones.com\/#website","url":"https:\/\/astrosolsones.com\/","name":"Astronomia al Solson\u00e8s","description":"Observaci\u00f3n de estrellas, constelaciones y planetas Astroturismo","publisher":{"@id":"https:\/\/astrosolsones.com\/#organization"},"potentialAction":[{"@type":"SearchAction","target":{"@type":"EntryPoint","urlTemplate":"https:\/\/astrosolsones.com\/?s={search_term_string}"},"query-input":{"@type":"PropertyValueSpecification","valueRequired":true,"valueName":"search_term_string"}}],"inLanguage":"es"},{"@type":"Organization","@id":"https:\/\/astrosolsones.com\/#organization","name":"Astronomia al Solson\u00e8s","url":"https:\/\/astrosolsones.com\/","logo":{"@type":"ImageObject","inLanguage":"es","@id":"https:\/\/astrosolsones.com\/#\/schema\/logo\/image\/","url":"https:\/\/astrosolsones.com\/wp-content\/uploads\/2024\/06\/Logo-Astrosolsones-fons-blanc.png","contentUrl":"https:\/\/astrosolsones.com\/wp-content\/uploads\/2024\/06\/Logo-Astrosolsones-fons-blanc.png","width":1983,"height":1640,"caption":"Astronomia al Solson\u00e8s"},"image":{"@id":"https:\/\/astrosolsones.com\/#\/schema\/logo\/image\/"},"sameAs":["https:\/\/www.instagram.com\/astrosolsones\/"]}]}},"_links":{"self":[{"href":"https:\/\/astrosolsones.com\/es\/wp-json\/wp\/v2\/pages\/425","targetHints":{"allow":["GET"]}}],"collection":[{"href":"https:\/\/astrosolsones.com\/es\/wp-json\/wp\/v2\/pages"}],"about":[{"href":"https:\/\/astrosolsones.com\/es\/wp-json\/wp\/v2\/types\/page"}],"author":[{"embeddable":true,"href":"https:\/\/astrosolsones.com\/es\/wp-json\/wp\/v2\/users\/1"}],"replies":[{"embeddable":true,"href":"https:\/\/astrosolsones.com\/es\/wp-json\/wp\/v2\/comments?post=425"}],"version-history":[{"count":45,"href":"https:\/\/astrosolsones.com\/es\/wp-json\/wp\/v2\/pages\/425\/revisions"}],"predecessor-version":[{"id":951,"href":"https:\/\/astrosolsones.com\/es\/wp-json\/wp\/v2\/pages\/425\/revisions\/951"}],"wp:attachment":[{"href":"https:\/\/astrosolsones.com\/es\/wp-json\/wp\/v2\/media?parent=425"}],"curies":[{"name":"wp","href":"https:\/\/api.w.org\/{rel}","templated":true}]}}