{"id":20,"date":"2017-06-01T19:52:22","date_gmt":"2017-06-01T17:52:22","guid":{"rendered":"http:\/\/astrosolsones.com\/?page_id=20"},"modified":"2026-01-07T17:15:52","modified_gmt":"2026-01-07T16:15:52","slug":"astronomia-al-solsones","status":"publish","type":"page","link":"https:\/\/astrosolsones.com\/es\/","title":{"rendered":""},"content":{"rendered":"<h1>Astronom\u00eda en un observatorio situado en el Solson\u00e8s, noche de estrellas para observar constelaciones, la Luna, planetas o nebulosas con un potente telescopio. Astroturismo y\u00a0 tambi\u00e9n nos desplazamos para acercaros el universo<\/h1>\n<h2>Noche de estrellas en el castell de Lladurs<\/h2>\n<p>Quieres contemplar el cielo estrellado desde un lugar \u00fanico con m\u00e1s de 1000 a\u00f1os de historia como el castillo de Lladurs?<\/p>\n<ul>\n<li>Quieres disfrutar del espect\u00e1culo de las estrellas?<\/li>\n<li>Quieres conocer las constelaciones y aprender a orientarte de noche?<\/li>\n<li>Has visto alguna vez la Luna, los anillos de Saturno o una nebulosa con un telescopio?<\/li>\n<\/ul>\n<p><img loading=\"lazy\" decoding=\"async\" class=\"aligncenter wp-image-442 size-large\" src=\"https:\/\/astrosolsones.com\/wp-content\/uploads\/2023\/06\/DSC0415-Editar_retall-V2-683x1024.jpg\" alt=\"Centre Astron\u00f2mic del castell de Lladurs\" width=\"525\" height=\"787\" srcset=\"https:\/\/astrosolsones.com\/wp-content\/uploads\/2023\/06\/DSC0415-Editar_retall-V2-683x1024.jpg 683w, https:\/\/astrosolsones.com\/wp-content\/uploads\/2023\/06\/DSC0415-Editar_retall-V2-200x300.jpg 200w, https:\/\/astrosolsones.com\/wp-content\/uploads\/2023\/06\/DSC0415-Editar_retall-V2-768x1152.jpg 768w, https:\/\/astrosolsones.com\/wp-content\/uploads\/2023\/06\/DSC0415-Editar_retall-V2.jpg 1000w\" sizes=\"auto, (max-width: 525px) 100vw, 525px\" \/><\/p>\n<p>Empezaremos la actividad en la sala interior y acabaremos subiendo a la torre del castillo para admirar un magn\u00edfico cielo lleno de estrellas, reconocer las constelaciones y los planetas y observaremos a trav\u00e9s de un potente telescopio.<\/p>\n<p><strong>Inicio<\/strong> de la\u00a0 actividad: aproximadamente una hora despu\u00e9s de la puesta del sol. Entre las 18:00 y las\u00a0 22:15 horas.<\/p>\n<p><strong>Duraci\u00f3n<\/strong> de la actividad: 2\u00a0 horas<em>\u00a0<\/em><\/p>\n<p><strong>Precio:<\/strong> 19 \u20ac adultos, 17 \u20ac jubilados y j\u00f3venes de 12 a 15 a\u00f1os, 12 \u20ac ni\u00f1os de 3 a 11 a\u00f1os. Menores de 3 a\u00f1os gratuito.\u00a0 \u00a0Consulta precios para grupos, en exclusiva y en ingl\u00e9s.<\/p>\n<p><iframe loading=\"lazy\" style=\"border-width: 0;\" src=\"https:\/\/calendar.google.com\/calendar\/embed?height=600&amp;wkst=2&amp;ctz=Europe%2FMadrid&amp;bgcolor=%23B39DDB&amp;showPrint=0&amp;showTabs=0&amp;showCalendars=0&amp;title=Calendario%20actividades%20programadas&amp;hl=es&amp;src=NjY5ZjUwOTYxNTBjZWUxMDVjNzU1MmVlMTIwZGNhNjRiMzkwOTZkZGIwZWQ5NDcxYmZjZmNlYjc4OWVkZjQ0MUBncm91cC5jYWxlbmRhci5nb29nbGUuY29t&amp;color=%23B39DDB\" width=\"800\" height=\"600\" frameborder=\"0\" scrolling=\"no\"><\/iframe><\/p>\n<h2>Observaci\u00f3n del Sol en el castell de Lladurs<\/h2>\n<p><img loading=\"lazy\" decoding=\"async\" class=\"aligncenter wp-image-453 size-large\" src=\"https:\/\/astrosolsones.com\/wp-content\/uploads\/2023\/06\/DSC07901-Editar-1024x1024.jpg\" alt=\"Imatge del sol on es veu taques solars i protuber\u00e0ncies\" width=\"525\" height=\"525\" srcset=\"https:\/\/astrosolsones.com\/wp-content\/uploads\/2023\/06\/DSC07901-Editar-1024x1024.jpg 1024w, https:\/\/astrosolsones.com\/wp-content\/uploads\/2023\/06\/DSC07901-Editar-300x300.jpg 300w, https:\/\/astrosolsones.com\/wp-content\/uploads\/2023\/06\/DSC07901-Editar-150x150.jpg 150w, https:\/\/astrosolsones.com\/wp-content\/uploads\/2023\/06\/DSC07901-Editar-768x768.jpg 768w, https:\/\/astrosolsones.com\/wp-content\/uploads\/2023\/06\/DSC07901-Editar-100x100.jpg 100w, https:\/\/astrosolsones.com\/wp-content\/uploads\/2023\/06\/DSC07901-Editar.jpg 1358w\" sizes=\"auto, (max-width: 525px) 100vw, 525px\" \/><\/p>\n<p>Tambi\u00e9n puedes asistir a la actividad Observaci\u00f3n del Sol que se programa algunos domingos a las 12:00 de la ma\u00f1ana. Podr\u00e1s ver el Sol como nunca lo has visto, con unos telescopios con filtros homologados ver\u00e1s las manchas solares y protuberancias o erupciones solares con un filtro muy especial como el Hidr\u00f3geno Alfa.<\/p>\n<p><strong>C\u00f3mo acceder:<\/strong> desc\u00e1rgate las indicaciones para llegar de manera f\u00e1cil<a href=\"https:\/\/astrosolsones.com\/wp-content\/uploads\/2024\/04\/COM-ARRIBAR-AL-CASTELL-DE-LLADURS-724X1024.jpg\"> aqu\u00ed<\/a>, o confies en el Google Maps ya que no te llevar\u00e1 al lugar.<\/p>\n<p><strong>Contacto y reservas:<\/strong><\/p>\n<p>-Si la actividad est\u00e1 programada puedes comprar las entradas en el apartado de experiencias singulares de la web:\u00a0 <a href=\"https:\/\/entradessolsones.com\/\">entradessolsones.com<\/a><\/p>\n<p>-Para aclaraciones o reservas para dias no programados -607225944- o por mail a: \u00a0 info@astrosolsones.com<\/p>\n<p>Imprescindible contactar para sesiones en exclusiva o en ingl\u00e9s.<\/p>\n<h2>Posibilidad de concertar una noche de estrellas en exclusiva en una casa de turismo rural o otras localizaciones<\/h2>\n<p><img loading=\"lazy\" decoding=\"async\" class=\"aligncenter wp-image-14 size-large\" src=\"https:\/\/astrosolsones.com\/wp-content\/uploads\/2017\/05\/Observaci\u00f3-destels-2-dAgost-2016-1024x683.jpg\" alt=\"\" width=\"525\" height=\"350\" srcset=\"https:\/\/astrosolsones.com\/wp-content\/uploads\/2017\/05\/Observaci\u00f3-destels-2-dAgost-2016-1024x683.jpg 1024w, https:\/\/astrosolsones.com\/wp-content\/uploads\/2017\/05\/Observaci\u00f3-destels-2-dAgost-2016-300x200.jpg 300w, https:\/\/astrosolsones.com\/wp-content\/uploads\/2017\/05\/Observaci\u00f3-destels-2-dAgost-2016-768x512.jpg 768w, https:\/\/astrosolsones.com\/wp-content\/uploads\/2017\/05\/Observaci\u00f3-destels-2-dAgost-2016.jpg 1600w\" sizes=\"auto, (max-width: 525px) 100vw, 525px\" \/><\/p>\n<p>Imprescindible reserva previa a -607225944- o por mail a: \u00a0 info@astrosolsones.com<\/p>\n<p>S\u00edguenos en <strong>Instagram<\/strong>:\u00a0<a href=\"https:\/\/www.instagram.com\/astrosolsones\/\" target=\"_blank\" rel=\"noopener\">@astrosolsones<\/a><\/p>\n\n\n<p>Web amiga sobre astrofotograf\u00eda: <a href=\"https:\/\/fotografiandolanoche.online\/\" data-type=\"URL\" data-id=\"https:\/\/fotografiandolanoche.online\/\" target=\"_blank\" rel=\"noreferrer noopener\">Fotografiando la Noche<\/a><\/p>\n","protected":false},"excerpt":{"rendered":"<p>Astronom\u00eda en un observatorio situado en el Solson\u00e8s, noche de estrellas para observar constelaciones, la Luna, planetas o nebulosas con un potente telescopio. Astroturismo y\u00a0 tambi\u00e9n nos desplazamos para acercaros el universo Noche de estrellas en el castell de Lladurs Quieres contemplar el cielo estrellado desde un lugar \u00fanico con m\u00e1s de 1000 a\u00f1os de &hellip; <\/p>\n<p class=\"link-more\"><a href=\"https:\/\/astrosolsones.com\/es\/\" class=\"more-link\">Continuar leyendo<span class=\"screen-reader-text\"> \u00ab\u00bb<\/span><\/a><\/p>\n","protected":false},"author":1,"featured_media":0,"parent":0,"menu_order":0,"comment_status":"closed","ping_status":"closed","template":"","meta":{"footnotes":""},"class_list":["post-20","page","type-page","status-publish","hentry"],"translation":{"provider":"WPGlobus","version":"3.0.2","language":"es","enabled_languages":["ca","es","en"],"languages":{"ca":{"title":false,"content":true,"excerpt":false},"es":{"title":false,"content":true,"excerpt":false},"en":{"title":false,"content":true,"excerpt":false}}},"yoast_head":"<!-- This site is optimized with the Yoast SEO plugin v27.5 - https:\/\/yoast.com\/product\/yoast-seo-wordpress\/ -->\n<title>- Astronom\u00eda en el Solson\u00e8s<\/title>\n<meta name=\"robots\" content=\"index, follow, max-snippet:-1, max-image-preview:large, max-video-preview:-1\" \/>\n<link rel=\"canonical\" href=\"https:\/\/astrosolsones.com\/\" \/>\n<meta property=\"og:locale\" content=\"es_ES\" \/>\n<meta property=\"og:type\" content=\"article\" \/>\n<meta property=\"og:title\" content=\"- Astronom\u00eda en el Solson\u00e8s\" \/>\n<meta property=\"og:url\" content=\"https:\/\/astrosolsones.com\/\" \/>\n<meta property=\"og:site_name\" content=\"Astronom\u00eda en el Solson\u00e8s\" \/>\n<meta property=\"article:modified_time\" content=\"2026-01-07T16:15:52+00:00\" \/>\n<meta property=\"og:image\" content=\"https:\/\/astrosolsones.com\/wp-content\/uploads\/2023\/06\/DSC0415-Editar_retall-V2.jpg\" \/>\n\t<meta property=\"og:image:width\" content=\"1000\" \/>\n\t<meta property=\"og:image:height\" content=\"1500\" \/>\n\t<meta property=\"og:image:type\" content=\"image\/jpeg\" \/>\n<meta name=\"twitter:card\" content=\"summary_large_image\" \/>\n<meta name=\"twitter:label1\" content=\"Tiempo de lectura\" \/>\n\t<meta name=\"twitter:data1\" content=\"5 minutos\" \/>\n<script type=\"application\/ld+json\" class=\"yoast-schema-graph\">{\"@context\":\"https:\\\/\\\/schema.org\",\"@graph\":[{\"@type\":\"WebPage\",\"@id\":\"https:\\\/\\\/astrosolsones.com\\\/\",\"url\":\"https:\\\/\\\/astrosolsones.com\\\/\",\"name\":\"- Astronom\u00eda en el Solson\u00e8s\",\"isPartOf\":{\"@id\":\"https:\\\/\\\/astrosolsones.com\\\/#website\"},\"primaryImageOfPage\":{\"@id\":\"https:\\\/\\\/astrosolsones.com\\\/#primaryimage\"},\"image\":{\"@id\":\"https:\\\/\\\/astrosolsones.com\\\/#primaryimage\"},\"thumbnailUrl\":\"https:\\\/\\\/astrosolsones.com\\\/wp-content\\\/uploads\\\/2023\\\/06\\\/DSC0415-Editar_retall-V2-683x1024.jpg\",\"datePublished\":\"2017-06-01T17:52:22+00:00\",\"dateModified\":\"2026-01-07T16:15:52+00:00\",\"description\":\"Astronomia en un observatori situat al Solson\u00e8s, nit d\u2019estels per observar constel\u00b7lacions, la Lluna, planetes o nebuloses amb un potent telescopi i tamb\u00e9 venim a casa vostra per acostar-vos l\u2019univers. Apr\u00e8n a recon\u00e8ixer les constel\u00b7lacions, els estels m\u00e9s importants i els planetes i viu la descoberta de l'univers.\",\"inLanguage\":\"es\",\"potentialAction\":[{\"@type\":\"ReadAction\",\"target\":[\"https:\\\/\\\/astrosolsones.com\\\/\"]}]},{\"@type\":\"ImageObject\",\"inLanguage\":\"es\",\"@id\":\"https:\\\/\\\/astrosolsones.com\\\/#primaryimage\",\"url\":\"https:\\\/\\\/astrosolsones.com\\\/wp-content\\\/uploads\\\/2023\\\/06\\\/DSC0415-Editar_retall-V2-683x1024.jpg\",\"contentUrl\":\"https:\\\/\\\/astrosolsones.com\\\/wp-content\\\/uploads\\\/2023\\\/06\\\/DSC0415-Editar_retall-V2-683x1024.jpg\"},{\"@type\":\"WebSite\",\"@id\":\"https:\\\/\\\/astrosolsones.com\\\/#website\",\"url\":\"https:\\\/\\\/astrosolsones.com\\\/\",\"name\":\"Astronomia al Solson\u00e8s\",\"description\":\"Observaci\u00f3n de estrellas, constelaciones y planetas Astroturismo\",\"publisher\":{\"@id\":\"https:\\\/\\\/astrosolsones.com\\\/#organization\"},\"potentialAction\":[{\"@type\":\"SearchAction\",\"target\":{\"@type\":\"EntryPoint\",\"urlTemplate\":\"https:\\\/\\\/astrosolsones.com\\\/?s={search_term_string}\"},\"query-input\":{\"@type\":\"PropertyValueSpecification\",\"valueRequired\":true,\"valueName\":\"search_term_string\"}}],\"inLanguage\":\"es\"},{\"@type\":\"Organization\",\"@id\":\"https:\\\/\\\/astrosolsones.com\\\/#organization\",\"name\":\"Astronomia al Solson\u00e8s\",\"url\":\"https:\\\/\\\/astrosolsones.com\\\/\",\"logo\":{\"@type\":\"ImageObject\",\"inLanguage\":\"es\",\"@id\":\"https:\\\/\\\/astrosolsones.com\\\/#\\\/schema\\\/logo\\\/image\\\/\",\"url\":\"https:\\\/\\\/astrosolsones.com\\\/wp-content\\\/uploads\\\/2024\\\/06\\\/Logo-Astrosolsones-fons-blanc.png\",\"contentUrl\":\"https:\\\/\\\/astrosolsones.com\\\/wp-content\\\/uploads\\\/2024\\\/06\\\/Logo-Astrosolsones-fons-blanc.png\",\"width\":1983,\"height\":1640,\"caption\":\"Astronomia al Solson\u00e8s\"},\"image\":{\"@id\":\"https:\\\/\\\/astrosolsones.com\\\/#\\\/schema\\\/logo\\\/image\\\/\"},\"sameAs\":[\"https:\\\/\\\/www.instagram.com\\\/astrosolsones\\\/\"]}]}<\/script>\n<!-- \/ Yoast SEO plugin. -->","yoast_head_json":{"title":"- Astronom\u00eda en el Solson\u00e8s","robots":{"index":"index","follow":"follow","max-snippet":"max-snippet:-1","max-image-preview":"max-image-preview:large","max-video-preview":"max-video-preview:-1"},"canonical":"https:\/\/astrosolsones.com\/","og_locale":"es_ES","og_type":"article","og_title":"- Astronom\u00eda en el Solson\u00e8s","og_url":"https:\/\/astrosolsones.com\/","og_site_name":"Astronom\u00eda en el Solson\u00e8s","article_modified_time":"2026-01-07T16:15:52+00:00","og_image":[{"width":1000,"height":1500,"url":"https:\/\/astrosolsones.com\/wp-content\/uploads\/2023\/06\/DSC0415-Editar_retall-V2.jpg","type":"image\/jpeg"}],"twitter_card":"summary_large_image","twitter_misc":{"Tiempo de lectura":"5 minutos"},"schema":{"@context":"https:\/\/schema.org","@graph":[{"@type":"WebPage","@id":"https:\/\/astrosolsones.com\/","url":"https:\/\/astrosolsones.com\/","name":"- Astronom\u00eda en el Solson\u00e8s","isPartOf":{"@id":"https:\/\/astrosolsones.com\/#website"},"primaryImageOfPage":{"@id":"https:\/\/astrosolsones.com\/#primaryimage"},"image":{"@id":"https:\/\/astrosolsones.com\/#primaryimage"},"thumbnailUrl":"https:\/\/astrosolsones.com\/wp-content\/uploads\/2023\/06\/DSC0415-Editar_retall-V2-683x1024.jpg","datePublished":"2017-06-01T17:52:22+00:00","dateModified":"2026-01-07T16:15:52+00:00","description":"Astronomia en un observatori situat al Solson\u00e8s, nit d\u2019estels per observar constel\u00b7lacions, la Lluna, planetes o nebuloses amb un potent telescopi i tamb\u00e9 venim a casa vostra per acostar-vos l\u2019univers. Apr\u00e8n a recon\u00e8ixer les constel\u00b7lacions, els estels m\u00e9s importants i els planetes i viu la descoberta de l'univers.","inLanguage":"es","potentialAction":[{"@type":"ReadAction","target":["https:\/\/astrosolsones.com\/"]}]},{"@type":"ImageObject","inLanguage":"es","@id":"https:\/\/astrosolsones.com\/#primaryimage","url":"https:\/\/astrosolsones.com\/wp-content\/uploads\/2023\/06\/DSC0415-Editar_retall-V2-683x1024.jpg","contentUrl":"https:\/\/astrosolsones.com\/wp-content\/uploads\/2023\/06\/DSC0415-Editar_retall-V2-683x1024.jpg"},{"@type":"WebSite","@id":"https:\/\/astrosolsones.com\/#website","url":"https:\/\/astrosolsones.com\/","name":"Astronomia al Solson\u00e8s","description":"Observaci\u00f3n de estrellas, constelaciones y planetas Astroturismo","publisher":{"@id":"https:\/\/astrosolsones.com\/#organization"},"potentialAction":[{"@type":"SearchAction","target":{"@type":"EntryPoint","urlTemplate":"https:\/\/astrosolsones.com\/?s={search_term_string}"},"query-input":{"@type":"PropertyValueSpecification","valueRequired":true,"valueName":"search_term_string"}}],"inLanguage":"es"},{"@type":"Organization","@id":"https:\/\/astrosolsones.com\/#organization","name":"Astronomia al Solson\u00e8s","url":"https:\/\/astrosolsones.com\/","logo":{"@type":"ImageObject","inLanguage":"es","@id":"https:\/\/astrosolsones.com\/#\/schema\/logo\/image\/","url":"https:\/\/astrosolsones.com\/wp-content\/uploads\/2024\/06\/Logo-Astrosolsones-fons-blanc.png","contentUrl":"https:\/\/astrosolsones.com\/wp-content\/uploads\/2024\/06\/Logo-Astrosolsones-fons-blanc.png","width":1983,"height":1640,"caption":"Astronomia al Solson\u00e8s"},"image":{"@id":"https:\/\/astrosolsones.com\/#\/schema\/logo\/image\/"},"sameAs":["https:\/\/www.instagram.com\/astrosolsones\/"]}]}},"_links":{"self":[{"href":"https:\/\/astrosolsones.com\/es\/wp-json\/wp\/v2\/pages\/20","targetHints":{"allow":["GET"]}}],"collection":[{"href":"https:\/\/astrosolsones.com\/es\/wp-json\/wp\/v2\/pages"}],"about":[{"href":"https:\/\/astrosolsones.com\/es\/wp-json\/wp\/v2\/types\/page"}],"author":[{"embeddable":true,"href":"https:\/\/astrosolsones.com\/es\/wp-json\/wp\/v2\/users\/1"}],"replies":[{"embeddable":true,"href":"https:\/\/astrosolsones.com\/es\/wp-json\/wp\/v2\/comments?post=20"}],"version-history":[{"count":110,"href":"https:\/\/astrosolsones.com\/es\/wp-json\/wp\/v2\/pages\/20\/revisions"}],"predecessor-version":[{"id":948,"href":"https:\/\/astrosolsones.com\/es\/wp-json\/wp\/v2\/pages\/20\/revisions\/948"}],"wp:attachment":[{"href":"https:\/\/astrosolsones.com\/es\/wp-json\/wp\/v2\/media?parent=20"}],"curies":[{"name":"wp","href":"https:\/\/api.w.org\/{rel}","templated":true}]}}