{"id":136,"date":"2018-11-25T10:19:48","date_gmt":"2018-11-25T09:19:48","guid":{"rendered":"http:\/\/astrosolsones.com\/?page_id=136"},"modified":"2024-02-01T12:20:42","modified_gmt":"2024-02-01T11:20:42","slug":"politica-de-privadesa","status":"publish","type":"page","link":"https:\/\/astrosolsones.com\/es\/politica-de-privadesa\/","title":{"rendered":"PRIVACIDAD"},"content":{"rendered":"\n<p>POL\u00cdTICA DE PRIVACIDAD <\/p>\n\n\n\n<p>Qui\u00e9nes somos:<\/p>\n\n\n\n<p> Nuestra direcci\u00f3n web es: https:\/\/astrosolsones.com. <\/p>\n\n\n\n<p>Qu\u00e9 datos personales recogemos y por qu\u00e9 <\/p>\n\n\n\n<p>Comentarios <\/p>\n\n\n\n<p>Cuando los visitantes dejan comentarios en la web, recogemos los datos que se muestran en el formulario de contacto, as\u00ed como la direcci\u00f3n IP del visitante y la cadena del agente del usuario del navegador para ayudar a la detecci\u00f3n de mensajes no deseados. <\/p>\n\n\n\n<p>Una cadena anonimizada creada a partir del correo electr\u00f3nico (tambi\u00e9n nombrado un hash) puede proporcionarse al servicio Gravatar para ver si lo est\u00e1 usando. La pol\u00edtica de privacidad del servicio Gravatar est\u00e1 disponible aqu\u00ed: https:\/\/automattic.com\/privacy\/. Una vez aprobado el comentario, la imagen de su perfil es visible al p\u00fablico en el contexto del comentario. <\/p>\n\n\n\n<p>Media <\/p>\n\n\n\n<p>Si sube im\u00e1genes al sitio web, debe evitar subir im\u00e1genes que incluyan datos de geolocalizaci\u00f3n (EXIF GPS) incrustados. Los visitantes del sitio web pueden descargar y extraer cualquier informaci\u00f3n de las im\u00e1genes de la web.<\/p>\n\n\n\n<p>Cookies<\/p>\n\n\n\n<p> Si deja un comentario en la p\u00e1gina web, puede optar por guardar el nombre, la direcci\u00f3n de correo electr\u00f3nico y la p\u00e1gina web en las cookies. Esto es debido a su comodidad para que no tenga que rellenar los datos de nuevo cuando haga otro comentario. Estas galletas durar\u00e1n un a\u00f1o.<\/p>\n\n\n\n<p>Si tiene una cuenta e inicia sesi\u00f3n en esta p\u00e1gina web, se definir\u00e1 una cookie temporal para determinar si el navegador acepta cookies. Esta cookie no contiene datos personales y se descartar\u00e1 cuando cierre el navegador. <\/p>\n\n\n\n<p>Cuando inicie sesi\u00f3n, tambi\u00e9n se configurar\u00e1n varias cookies para guardar la informaci\u00f3n de inicio de sesi\u00f3n y las opciones de visualizaci\u00f3n de la pantalla. Las galeras de inicio de sesi\u00f3n duran dos d\u00edas y las cookies de las opciones de pantalla duran un a\u00f1o. Si selecciona \u00abRecuerda\u00bb, el inicio de sesi\u00f3n persistir\u00e1 durante dos semanas. Si finaliza la sesi\u00f3n, las cookies de inicio de sesi\u00f3n ser\u00e1n suprimidas. <\/p>\n\n\n\n<p>Si edita o publica un art\u00edculo, una cookie adicional se guardar\u00e1 en el navegador. Esta cookie no incluye datos personales y simplemente indica el identificador de la entrada que acaba de editar. Expira despu\u00e9s de 1 d\u00eda. <\/p>\n\n\n\n<p>Contenido incrustado de otros sitios web <\/p>\n\n\n\n<p>Los art\u00edculos en esta p\u00e1gina web incluyen contenido incrustado (por ejemplo, v\u00eddeos, im\u00e1genes, art\u00edculos, etc.). El contenido incrustado desde otras p\u00e1ginas web se comporta exactamente de la misma forma como si el visitante estuviera visitando la otra p\u00e1gina web. <\/p>\n\n\n\n<p>Estas p\u00e1ginas web pueden recoger datos sobre usted, utilizar cookies, incrustar seguimiento adicional de terceras partes, y monitorizar la interacci\u00f3n con el contenido incrustado, incluyendo la traza de la interacci\u00f3n con el contenido incrustado si tiene una cuenta y ha iniciado sesi\u00f3n en esta p\u00e1gina web.<\/p>\n\n\n\n<p>\u00bfCu\u00e1nto tiempo retenemos los datos?<\/p>\n\n\n\n<p> Si deja un comentario, el comentario y sus datos meta se retienen indefinidamente. Esto es para poder reconocer y aprobar autom\u00e1ticamente cualquier comentario de seguimiento en lugar de mantenerlos en la cola de moderaci\u00f3n. <\/p>\n\n\n\n<p>Para los usuarios que se registran en la web (si existen), tambi\u00e9n almacenamos la informaci\u00f3n personal que proporcionan a su perfil de usuario. Todos los usuarios pueden ver, editar o suprimir su informaci\u00f3n personal en cualquier momento (salvo que no pueden cambiar su nombre de usuario). Los administradores de la p\u00e1gina web pueden tambi\u00e9n editar esta informaci\u00f3n. <\/p>\n\n\n\n<p>Qu\u00e9 derechos tiene sobre sus datos <\/p>\n\n\n\n<p>Si tiene una cuenta en este sitio web o ha dejado comentarios, puede solicitar que le enviemos un archivo de exportaci\u00f3n de sus datos personales, incluyendo todos los datos que nos haya proporcionado. Tambi\u00e9n puede pedir que borremos cualquier dato personal que tengamos. Esto no incluye los datos que estemos obligados a conservar con prop\u00f3sitos administrativos, legales o de seguridad. <\/p>\n\n\n\n<p>Donde enviamos sus datos <\/p>\n\n\n\n<p>Los comentarios de los visitantes deben ser comprobados mediante un servicio de detecci\u00f3n de basura automatizado.<\/p>\n\n\n\n<p> Informaci\u00f3n de contacto <\/p>\n\n\n\n<p>Direcci\u00f3n de Correo: info@astrosolsones.com<\/p>\n","protected":false},"excerpt":{"rendered":"<p>POL\u00cdTICA DE PRIVACIDAD Qui\u00e9nes somos: Nuestra direcci\u00f3n web es: https:\/\/astrosolsones.com. Qu\u00e9 datos personales recogemos y por qu\u00e9 Comentarios Cuando los visitantes dejan comentarios en la web, recogemos los datos que se muestran en el formulario de contacto, as\u00ed como la direcci\u00f3n IP del visitante y la cadena del agente del usuario del navegador para ayudar &hellip; <\/p>\n<p class=\"link-more\"><a href=\"https:\/\/astrosolsones.com\/es\/politica-de-privadesa\/\" class=\"more-link\">Continuar leyendo<span class=\"screen-reader-text\"> \u00abPRIVACIDAD\u00bb<\/span><\/a><\/p>\n","protected":false},"author":1,"featured_media":0,"parent":0,"menu_order":0,"comment_status":"closed","ping_status":"closed","template":"","meta":{"footnotes":""},"class_list":["post-136","page","type-page","status-publish","hentry"],"translation":{"provider":"WPGlobus","version":"3.0.2","language":"es","enabled_languages":["ca","es","en"],"languages":{"ca":{"title":true,"content":true,"excerpt":false},"es":{"title":true,"content":true,"excerpt":false},"en":{"title":true,"content":true,"excerpt":false}}},"yoast_head":"<!-- This site is optimized with the Yoast SEO plugin v27.3 - https:\/\/yoast.com\/product\/yoast-seo-wordpress\/ -->\n<title>PRIVACIDAD - Astronom\u00eda en el Solson\u00e8s<\/title>\n<meta name=\"robots\" content=\"index, follow, max-snippet:-1, max-image-preview:large, max-video-preview:-1\" \/>\n<link rel=\"canonical\" href=\"https:\/\/astrosolsones.com\/politica-de-privadesa\/\" \/>\n<meta property=\"og:locale\" content=\"es_ES\" \/>\n<meta property=\"og:type\" content=\"article\" \/>\n<meta property=\"og:title\" content=\"PRIVACIDAD - Astronom\u00eda en el Solson\u00e8s\" \/>\n<meta property=\"og:url\" content=\"https:\/\/astrosolsones.com\/politica-de-privadesa\/\" \/>\n<meta property=\"og:site_name\" content=\"Astronom\u00eda en el Solson\u00e8s\" \/>\n<meta property=\"article:modified_time\" content=\"2024-02-01T11:20:42+00:00\" \/>\n<meta name=\"twitter:card\" content=\"summary_large_image\" \/>\n<meta name=\"twitter:label1\" content=\"Tiempo de lectura\" \/>\n\t<meta name=\"twitter:data1\" content=\"10 minutos\" \/>\n<script type=\"application\/ld+json\" class=\"yoast-schema-graph\">{\"@context\":\"https:\\\/\\\/schema.org\",\"@graph\":[{\"@type\":\"WebPage\",\"@id\":\"https:\\\/\\\/astrosolsones.com\\\/politica-de-privadesa\\\/\",\"url\":\"https:\\\/\\\/astrosolsones.com\\\/politica-de-privadesa\\\/\",\"name\":\"PRIVACIDAD - Astronom\u00eda en el Solson\u00e8s\",\"isPartOf\":{\"@id\":\"https:\\\/\\\/astrosolsones.com\\\/#website\"},\"datePublished\":\"2018-11-25T09:19:48+00:00\",\"dateModified\":\"2024-02-01T11:20:42+00:00\",\"breadcrumb\":{\"@id\":\"https:\\\/\\\/astrosolsones.com\\\/politica-de-privadesa\\\/#breadcrumb\"},\"inLanguage\":\"es\",\"potentialAction\":[{\"@type\":\"ReadAction\",\"target\":[\"https:\\\/\\\/astrosolsones.com\\\/politica-de-privadesa\\\/\"]}]},{\"@type\":\"BreadcrumbList\",\"@id\":\"https:\\\/\\\/astrosolsones.com\\\/politica-de-privadesa\\\/#breadcrumb\",\"itemListElement\":[{\"@type\":\"ListItem\",\"position\":1,\"name\":\"Home\",\"item\":\"https:\\\/\\\/astrosolsones.com\\\/\"},{\"@type\":\"ListItem\",\"position\":2,\"name\":\"PRIVADESA\"}]},{\"@type\":\"WebSite\",\"@id\":\"https:\\\/\\\/astrosolsones.com\\\/#website\",\"url\":\"https:\\\/\\\/astrosolsones.com\\\/\",\"name\":\"Astronomia al Solson\u00e8s\",\"description\":\"Observaci\u00f3n de estrellas, constelaciones y planetas Astroturismo\",\"publisher\":{\"@id\":\"https:\\\/\\\/astrosolsones.com\\\/#organization\"},\"potentialAction\":[{\"@type\":\"SearchAction\",\"target\":{\"@type\":\"EntryPoint\",\"urlTemplate\":\"https:\\\/\\\/astrosolsones.com\\\/?s={search_term_string}\"},\"query-input\":{\"@type\":\"PropertyValueSpecification\",\"valueRequired\":true,\"valueName\":\"search_term_string\"}}],\"inLanguage\":\"es\"},{\"@type\":\"Organization\",\"@id\":\"https:\\\/\\\/astrosolsones.com\\\/#organization\",\"name\":\"Astronomia al Solson\u00e8s\",\"url\":\"https:\\\/\\\/astrosolsones.com\\\/\",\"logo\":{\"@type\":\"ImageObject\",\"inLanguage\":\"es\",\"@id\":\"https:\\\/\\\/astrosolsones.com\\\/#\\\/schema\\\/logo\\\/image\\\/\",\"url\":\"https:\\\/\\\/astrosolsones.com\\\/wp-content\\\/uploads\\\/2024\\\/06\\\/Logo-Astrosolsones-fons-blanc.png\",\"contentUrl\":\"https:\\\/\\\/astrosolsones.com\\\/wp-content\\\/uploads\\\/2024\\\/06\\\/Logo-Astrosolsones-fons-blanc.png\",\"width\":1983,\"height\":1640,\"caption\":\"Astronomia al Solson\u00e8s\"},\"image\":{\"@id\":\"https:\\\/\\\/astrosolsones.com\\\/#\\\/schema\\\/logo\\\/image\\\/\"},\"sameAs\":[\"https:\\\/\\\/www.instagram.com\\\/astrosolsones\\\/\"]}]}<\/script>\n<!-- \/ Yoast SEO plugin. -->","yoast_head_json":{"title":"PRIVACIDAD - Astronom\u00eda en el Solson\u00e8s","robots":{"index":"index","follow":"follow","max-snippet":"max-snippet:-1","max-image-preview":"max-image-preview:large","max-video-preview":"max-video-preview:-1"},"canonical":"https:\/\/astrosolsones.com\/politica-de-privadesa\/","og_locale":"es_ES","og_type":"article","og_title":"PRIVACIDAD - Astronom\u00eda en el Solson\u00e8s","og_url":"https:\/\/astrosolsones.com\/politica-de-privadesa\/","og_site_name":"Astronom\u00eda en el Solson\u00e8s","article_modified_time":"2024-02-01T11:20:42+00:00","twitter_card":"summary_large_image","twitter_misc":{"Tiempo de lectura":"10 minutos"},"schema":{"@context":"https:\/\/schema.org","@graph":[{"@type":"WebPage","@id":"https:\/\/astrosolsones.com\/politica-de-privadesa\/","url":"https:\/\/astrosolsones.com\/politica-de-privadesa\/","name":"PRIVACIDAD - Astronom\u00eda en el Solson\u00e8s","isPartOf":{"@id":"https:\/\/astrosolsones.com\/#website"},"datePublished":"2018-11-25T09:19:48+00:00","dateModified":"2024-02-01T11:20:42+00:00","breadcrumb":{"@id":"https:\/\/astrosolsones.com\/politica-de-privadesa\/#breadcrumb"},"inLanguage":"es","potentialAction":[{"@type":"ReadAction","target":["https:\/\/astrosolsones.com\/politica-de-privadesa\/"]}]},{"@type":"BreadcrumbList","@id":"https:\/\/astrosolsones.com\/politica-de-privadesa\/#breadcrumb","itemListElement":[{"@type":"ListItem","position":1,"name":"Home","item":"https:\/\/astrosolsones.com\/"},{"@type":"ListItem","position":2,"name":"PRIVADESA"}]},{"@type":"WebSite","@id":"https:\/\/astrosolsones.com\/#website","url":"https:\/\/astrosolsones.com\/","name":"Astronomia al Solson\u00e8s","description":"Observaci\u00f3n de estrellas, constelaciones y planetas Astroturismo","publisher":{"@id":"https:\/\/astrosolsones.com\/#organization"},"potentialAction":[{"@type":"SearchAction","target":{"@type":"EntryPoint","urlTemplate":"https:\/\/astrosolsones.com\/?s={search_term_string}"},"query-input":{"@type":"PropertyValueSpecification","valueRequired":true,"valueName":"search_term_string"}}],"inLanguage":"es"},{"@type":"Organization","@id":"https:\/\/astrosolsones.com\/#organization","name":"Astronomia al Solson\u00e8s","url":"https:\/\/astrosolsones.com\/","logo":{"@type":"ImageObject","inLanguage":"es","@id":"https:\/\/astrosolsones.com\/#\/schema\/logo\/image\/","url":"https:\/\/astrosolsones.com\/wp-content\/uploads\/2024\/06\/Logo-Astrosolsones-fons-blanc.png","contentUrl":"https:\/\/astrosolsones.com\/wp-content\/uploads\/2024\/06\/Logo-Astrosolsones-fons-blanc.png","width":1983,"height":1640,"caption":"Astronomia al Solson\u00e8s"},"image":{"@id":"https:\/\/astrosolsones.com\/#\/schema\/logo\/image\/"},"sameAs":["https:\/\/www.instagram.com\/astrosolsones\/"]}]}},"_links":{"self":[{"href":"https:\/\/astrosolsones.com\/es\/wp-json\/wp\/v2\/pages\/136","targetHints":{"allow":["GET"]}}],"collection":[{"href":"https:\/\/astrosolsones.com\/es\/wp-json\/wp\/v2\/pages"}],"about":[{"href":"https:\/\/astrosolsones.com\/es\/wp-json\/wp\/v2\/types\/page"}],"author":[{"embeddable":true,"href":"https:\/\/astrosolsones.com\/es\/wp-json\/wp\/v2\/users\/1"}],"replies":[{"embeddable":true,"href":"https:\/\/astrosolsones.com\/es\/wp-json\/wp\/v2\/comments?post=136"}],"version-history":[{"count":6,"href":"https:\/\/astrosolsones.com\/es\/wp-json\/wp\/v2\/pages\/136\/revisions"}],"predecessor-version":[{"id":546,"href":"https:\/\/astrosolsones.com\/es\/wp-json\/wp\/v2\/pages\/136\/revisions\/546"}],"wp:attachment":[{"href":"https:\/\/astrosolsones.com\/es\/wp-json\/wp\/v2\/media?parent=136"}],"curies":[{"name":"wp","href":"https:\/\/api.w.org\/{rel}","templated":true}]}}