{"id":425,"date":"2023-06-15T17:58:23","date_gmt":"2023-06-15T15:58:23","guid":{"rendered":"https:\/\/astrosolsones.com\/?page_id=425"},"modified":"2026-02-04T13:48:38","modified_gmt":"2026-02-04T12:48:38","slug":"centre-astronomic-del-castell-de-lladurs","status":"publish","type":"page","link":"https:\/\/astrosolsones.com\/en\/centre-astronomic-del-castell-de-lladurs\/","title":{"rendered":"CENTRE ASTRON\u00d2MIC DEL CASTELL DE LLADURS"},"content":{"rendered":"\n<p><\/p>\n\n\n\n<figure class=\"wp-block-image\"><img loading=\"lazy\" decoding=\"async\" width=\"1024\" height=\"1024\" src=\"https:\/\/astrosolsones.com\/wp-content\/uploads\/2023\/05\/IMG_20230508_165044-quadrat-1024x1024.jpg\" alt=\"Telescopi al castell de Lladurs\" class=\"wp-image-409\" srcset=\"https:\/\/astrosolsones.com\/wp-content\/uploads\/2023\/05\/IMG_20230508_165044-quadrat-1024x1024.jpg 1024w, https:\/\/astrosolsones.com\/wp-content\/uploads\/2023\/05\/IMG_20230508_165044-quadrat-300x300.jpg 300w, https:\/\/astrosolsones.com\/wp-content\/uploads\/2023\/05\/IMG_20230508_165044-quadrat-150x150.jpg 150w, https:\/\/astrosolsones.com\/wp-content\/uploads\/2023\/05\/IMG_20230508_165044-quadrat-768x768.jpg 768w, https:\/\/astrosolsones.com\/wp-content\/uploads\/2023\/05\/IMG_20230508_165044-quadrat-1536x1536.jpg 1536w, https:\/\/astrosolsones.com\/wp-content\/uploads\/2023\/05\/IMG_20230508_165044-quadrat-2048x2048.jpg 2048w, https:\/\/astrosolsones.com\/wp-content\/uploads\/2023\/05\/IMG_20230508_165044-quadrat-100x100.jpg 100w\" sizes=\"auto, (max-width: 706px) 89vw, (max-width: 767px) 82vw, 740px\" \/><figcaption class=\"wp-element-caption\">Telescopes of the astronomical center<\/figcaption><\/figure>\n\n\n\n<p>The Lladurs Castle Astronomical Center has been promoted by the Lladurs Town Council (LLeida) in a medieval castle owned by the municipality. The City Council&#8217;s intention is to revalue it and give it the importance it has had throughout 1000 years of history. Among the activities it hosts is a fully integrated astronomical center that will allow all visitors to get closer to astronomy and enjoy stargazing from a point with very good conditions of night darkness. These types of activities are highly valued and constitute an experience that visitors who enjoy them will hardly be able to erase from their memory. <\/p>\n\n\n\n<p>The center has two telescopes. The first is a powerful astronomical telescope to observe the moon, planets, galaxies and nebulae. The second is a specific telescope for the safe observation of the Sun and allows to observe sunspots, solar protobarences and coronal mass ejections when they occur. <\/p>\n\n\n\n<p>The Astronomical Center is managed by Astrosolson\u00e8s (astrosolsones.com) and programs activities related to astronomy and astrophotography. The main activity is the Star Night at Lladurs Castle and consists of a short introduction to astronomy in the multimedia room, the recognition of stars, planets and constellations with the help of a powerful laser and an astronomical observation with a telescope in the castle tower. The purchase of tickets is essential. But you can also arrange an exclusive session, for groups or in English. For more information consult the following link:<\/p>\n\n\n\n<div class=\"wp-block-buttons is-layout-flex wp-block-buttons-is-layout-flex\">\n<div class=\"wp-block-button\"><a class=\"wp-block-button__link wp-element-button\" href=\"https:\/\/astrosolsones.com\/en\/\">More information about Star Night at Lladurs Castle<\/a><\/div>\n<\/div>\n\n\n\n<p><\/p>\n\n\n\n<p>A daytime activity is also scheduled, Sun Observation at Lladurs Castle. And it consists of observing the Sun with totally safe approved filters to see sunspots and solar flares. At the beginning of the activity there is an explanation of our star and what we will see in the telescope. <\/p>\n\n\n\n<p>For more information you can send an e-mail to info@astrosolsones.com<\/p>\n\n\n\n<p>Likewise, activities open to the public will be organized periodically in collaboration with the Lladurs Town Council, such as courses, astronomical observations and collaborations with the Lladurs school. <\/p>\n\n\n\n<p>The objectives of the Astronomical Center are to spread astronomy in a fun way by enjoying the spectacle of a starry night. It also wants to become a reference center for educational activities related to astronomy for the educational centers of Solson\u00e8s. And finally, it wants to highlight the dark sky while making visitors aware of the serious problem of light pollution. <\/p>\n\n\n\n<p>We offer you the first astronomical photographs taken from the facilities of the Lladurs Castle Astronomical Center:<\/p>\n\n\n\n<figure class=\"wp-block-image\"><img loading=\"lazy\" decoding=\"async\" width=\"1024\" height=\"1024\" src=\"https:\/\/astrosolsones.com\/wp-content\/uploads\/2023\/06\/DSC0365-Editar1500_1500-1024x1024.jpg\" alt=\"LLuna creixent\" class=\"wp-image-454\" srcset=\"https:\/\/astrosolsones.com\/wp-content\/uploads\/2023\/06\/DSC0365-Editar1500_1500-1024x1024.jpg 1024w, https:\/\/astrosolsones.com\/wp-content\/uploads\/2023\/06\/DSC0365-Editar1500_1500-300x300.jpg 300w, https:\/\/astrosolsones.com\/wp-content\/uploads\/2023\/06\/DSC0365-Editar1500_1500-150x150.jpg 150w, https:\/\/astrosolsones.com\/wp-content\/uploads\/2023\/06\/DSC0365-Editar1500_1500-768x768.jpg 768w, https:\/\/astrosolsones.com\/wp-content\/uploads\/2023\/06\/DSC0365-Editar1500_1500-100x100.jpg 100w, https:\/\/astrosolsones.com\/wp-content\/uploads\/2023\/06\/DSC0365-Editar1500_1500.jpg 1500w\" sizes=\"auto, (max-width: 706px) 89vw, (max-width: 767px) 82vw, 740px\" \/><figcaption class=\"wp-element-caption\">Crescent Moon<\/figcaption><\/figure>\n\n\n\n<figure class=\"wp-block-image\"><img loading=\"lazy\" decoding=\"async\" width=\"1024\" height=\"1024\" src=\"https:\/\/astrosolsones.com\/wp-content\/uploads\/2023\/06\/M57_DSC0368-ARW_DxO_DeepPRIME-1024x1024.jpg\" alt=\"Nebulosa planet\u00e0ria\" class=\"wp-image-455\" srcset=\"https:\/\/astrosolsones.com\/wp-content\/uploads\/2023\/06\/M57_DSC0368-ARW_DxO_DeepPRIME-1024x1024.jpg 1024w, https:\/\/astrosolsones.com\/wp-content\/uploads\/2023\/06\/M57_DSC0368-ARW_DxO_DeepPRIME-300x300.jpg 300w, https:\/\/astrosolsones.com\/wp-content\/uploads\/2023\/06\/M57_DSC0368-ARW_DxO_DeepPRIME-150x150.jpg 150w, https:\/\/astrosolsones.com\/wp-content\/uploads\/2023\/06\/M57_DSC0368-ARW_DxO_DeepPRIME-768x768.jpg 768w, https:\/\/astrosolsones.com\/wp-content\/uploads\/2023\/06\/M57_DSC0368-ARW_DxO_DeepPRIME-100x100.jpg 100w, https:\/\/astrosolsones.com\/wp-content\/uploads\/2023\/06\/M57_DSC0368-ARW_DxO_DeepPRIME.jpg 1238w\" sizes=\"auto, (max-width: 706px) 89vw, (max-width: 767px) 82vw, 740px\" \/><figcaption class=\"wp-element-caption\">Ring Nebula in the constelation Lyra<\/figcaption><\/figure>\n\n\n\n<figure class=\"wp-block-image\"><img loading=\"lazy\" decoding=\"async\" width=\"1024\" height=\"1024\" src=\"https:\/\/astrosolsones.com\/wp-content\/uploads\/2023\/06\/DSC07901-Editar-1024x1024.jpg\" alt=\"Imatge del sol on es veu taques solars i protuber\u00e0ncies\" class=\"wp-image-453\" srcset=\"https:\/\/astrosolsones.com\/wp-content\/uploads\/2023\/06\/DSC07901-Editar-1024x1024.jpg 1024w, https:\/\/astrosolsones.com\/wp-content\/uploads\/2023\/06\/DSC07901-Editar-300x300.jpg 300w, https:\/\/astrosolsones.com\/wp-content\/uploads\/2023\/06\/DSC07901-Editar-150x150.jpg 150w, https:\/\/astrosolsones.com\/wp-content\/uploads\/2023\/06\/DSC07901-Editar-768x768.jpg 768w, https:\/\/astrosolsones.com\/wp-content\/uploads\/2023\/06\/DSC07901-Editar-100x100.jpg 100w, https:\/\/astrosolsones.com\/wp-content\/uploads\/2023\/06\/DSC07901-Editar.jpg 1358w\" sizes=\"auto, (max-width: 706px) 89vw, (max-width: 767px) 82vw, 740px\" \/><figcaption class=\"wp-element-caption\">Our Sun with a Hidrogen Alfa filter<\/figcaption><\/figure>\n","protected":false},"excerpt":{"rendered":"<p>Telescopes of the astronomical center The Lladurs Castle Astronomical Center has been promoted by the Lladurs Town Council (LLeida) in a medieval castle owned by the municipality. The City Council&#8217;s intention is to revalue it and give it the importance it has had throughout 1000 years of history. Among the activities it hosts is a &hellip; <\/p>\n<p class=\"link-more\"><a href=\"https:\/\/astrosolsones.com\/en\/centre-astronomic-del-castell-de-lladurs\/\" class=\"more-link\">Continue reading<span class=\"screen-reader-text\"> &#8220;CENTRE ASTRON\u00d2MIC DEL CASTELL DE LLADURS&#8221;<\/span><\/a><\/p>\n","protected":false},"author":1,"featured_media":0,"parent":0,"menu_order":0,"comment_status":"closed","ping_status":"closed","template":"","meta":{"footnotes":""},"class_list":["post-425","page","type-page","status-publish","hentry"],"translation":{"provider":"WPGlobus","version":"3.0.2","language":"en","enabled_languages":["ca","es","en"],"languages":{"ca":{"title":true,"content":true,"excerpt":false},"es":{"title":true,"content":true,"excerpt":false},"en":{"title":true,"content":true,"excerpt":false}}},"yoast_head":"<!-- This site is optimized with the Yoast SEO plugin v27.4 - https:\/\/yoast.com\/product\/yoast-seo-wordpress\/ -->\n<title>CENTRE ASTRON\u00d2MIC DEL CASTELL DE LLADURS - Astronomy in the Solson\u00e8s<\/title>\n<meta name=\"robots\" content=\"index, follow, max-snippet:-1, max-image-preview:large, max-video-preview:-1\" \/>\n<link rel=\"canonical\" href=\"https:\/\/astrosolsones.com\/centre-astronomic-del-castell-de-lladurs\/\" \/>\n<meta property=\"og:locale\" content=\"en_GB\" \/>\n<meta property=\"og:type\" content=\"article\" \/>\n<meta property=\"og:title\" content=\"CENTRE ASTRON\u00d2MIC DEL CASTELL DE LLADURS - Astronomy in the Solson\u00e8s\" \/>\n<meta property=\"og:url\" content=\"https:\/\/astrosolsones.com\/centre-astronomic-del-castell-de-lladurs\/\" \/>\n<meta property=\"og:site_name\" content=\"Astronomy in the Solson\u00e8s\" \/>\n<meta property=\"article:modified_time\" content=\"2026-02-04T12:48:38+00:00\" \/>\n<meta property=\"og:image\" content=\"https:\/\/astrosolsones.com\/wp-content\/uploads\/2023\/05\/IMG_20230508_165044-quadrat-scaled.jpg\" \/>\n\t<meta property=\"og:image:width\" content=\"2560\" \/>\n\t<meta property=\"og:image:height\" content=\"2560\" \/>\n\t<meta property=\"og:image:type\" content=\"image\/jpeg\" \/>\n<meta name=\"twitter:card\" content=\"summary_large_image\" \/>\n<meta name=\"twitter:label1\" content=\"Est. reading time\" \/>\n\t<meta name=\"twitter:data1\" content=\"5 minutes\" \/>\n<script type=\"application\/ld+json\" class=\"yoast-schema-graph\">{\"@context\":\"https:\\\/\\\/schema.org\",\"@graph\":[{\"@type\":\"WebPage\",\"@id\":\"https:\\\/\\\/astrosolsones.com\\\/centre-astronomic-del-castell-de-lladurs\\\/\",\"url\":\"https:\\\/\\\/astrosolsones.com\\\/centre-astronomic-del-castell-de-lladurs\\\/\",\"name\":\"CENTRE ASTRON\u00d2MIC DEL CASTELL DE LLADURS - Astronomy in the Solson\u00e8s\",\"isPartOf\":{\"@id\":\"https:\\\/\\\/astrosolsones.com\\\/#website\"},\"primaryImageOfPage\":{\"@id\":\"https:\\\/\\\/astrosolsones.com\\\/centre-astronomic-del-castell-de-lladurs\\\/#primaryimage\"},\"image\":{\"@id\":\"https:\\\/\\\/astrosolsones.com\\\/centre-astronomic-del-castell-de-lladurs\\\/#primaryimage\"},\"thumbnailUrl\":\"https:\\\/\\\/astrosolsones.com\\\/wp-content\\\/uploads\\\/2023\\\/05\\\/IMG_20230508_165044-quadrat-1024x1024.jpg\",\"datePublished\":\"2023-06-15T15:58:23+00:00\",\"dateModified\":\"2026-02-04T12:48:38+00:00\",\"description\":\"El Centre Astron\u00f2mic del castell de Lladurs ha estat impulsat per l'Ajuntament en un castell medieval La voluntat \u00e9s revaloritzar-lo i donar-li la import\u00e0ncia que ha tingut al llarg de 1000 anys d'hist\u00f2ria. Dins de les activitats que acull hi ha un centre astron\u00f2mic totalment integrat que permetr\u00e0 a totes les persones visitants acostar-se a l'astronomia i gaudir amb la observaci\u00f3 dels estels des d'un punt amb molt bones condicions de foscor nocturna. Aquests tipus d'activitats son molt ben valorades i constitueixen una experi\u00e8ncia que dif\u00edcilment podr\u00e0n esborrar de la seva mem\u00f2ria els visitants que les gaudeixin.\",\"breadcrumb\":{\"@id\":\"https:\\\/\\\/astrosolsones.com\\\/centre-astronomic-del-castell-de-lladurs\\\/#breadcrumb\"},\"inLanguage\":\"en-GB\",\"potentialAction\":[{\"@type\":\"ReadAction\",\"target\":[\"https:\\\/\\\/astrosolsones.com\\\/centre-astronomic-del-castell-de-lladurs\\\/\"]}]},{\"@type\":\"ImageObject\",\"inLanguage\":\"en-GB\",\"@id\":\"https:\\\/\\\/astrosolsones.com\\\/centre-astronomic-del-castell-de-lladurs\\\/#primaryimage\",\"url\":\"https:\\\/\\\/astrosolsones.com\\\/wp-content\\\/uploads\\\/2023\\\/05\\\/IMG_20230508_165044-quadrat-1024x1024.jpg\",\"contentUrl\":\"https:\\\/\\\/astrosolsones.com\\\/wp-content\\\/uploads\\\/2023\\\/05\\\/IMG_20230508_165044-quadrat-1024x1024.jpg\"},{\"@type\":\"BreadcrumbList\",\"@id\":\"https:\\\/\\\/astrosolsones.com\\\/centre-astronomic-del-castell-de-lladurs\\\/#breadcrumb\",\"itemListElement\":[{\"@type\":\"ListItem\",\"position\":1,\"name\":\"Home\",\"item\":\"https:\\\/\\\/astrosolsones.com\\\/\"},{\"@type\":\"ListItem\",\"position\":2,\"name\":\"CENTRE ASTRON\u00d2MIC DEL CASTELL DE LLADURS\"}]},{\"@type\":\"WebSite\",\"@id\":\"https:\\\/\\\/astrosolsones.com\\\/#website\",\"url\":\"https:\\\/\\\/astrosolsones.com\\\/\",\"name\":\"Astronomia al Solson\u00e8s\",\"description\":\"Astronomical observation experiences to discover the universe at the observatory or at home for families, schools, organizations and companies\",\"publisher\":{\"@id\":\"https:\\\/\\\/astrosolsones.com\\\/#organization\"},\"potentialAction\":[{\"@type\":\"SearchAction\",\"target\":{\"@type\":\"EntryPoint\",\"urlTemplate\":\"https:\\\/\\\/astrosolsones.com\\\/?s={search_term_string}\"},\"query-input\":{\"@type\":\"PropertyValueSpecification\",\"valueRequired\":true,\"valueName\":\"search_term_string\"}}],\"inLanguage\":\"en-GB\"},{\"@type\":\"Organization\",\"@id\":\"https:\\\/\\\/astrosolsones.com\\\/#organization\",\"name\":\"Astronomia al Solson\u00e8s\",\"url\":\"https:\\\/\\\/astrosolsones.com\\\/\",\"logo\":{\"@type\":\"ImageObject\",\"inLanguage\":\"en-GB\",\"@id\":\"https:\\\/\\\/astrosolsones.com\\\/#\\\/schema\\\/logo\\\/image\\\/\",\"url\":\"https:\\\/\\\/astrosolsones.com\\\/wp-content\\\/uploads\\\/2024\\\/06\\\/Logo-Astrosolsones-fons-blanc.png\",\"contentUrl\":\"https:\\\/\\\/astrosolsones.com\\\/wp-content\\\/uploads\\\/2024\\\/06\\\/Logo-Astrosolsones-fons-blanc.png\",\"width\":1983,\"height\":1640,\"caption\":\"Astronomia al Solson\u00e8s\"},\"image\":{\"@id\":\"https:\\\/\\\/astrosolsones.com\\\/#\\\/schema\\\/logo\\\/image\\\/\"},\"sameAs\":[\"https:\\\/\\\/www.instagram.com\\\/astrosolsones\\\/\"]}]}<\/script>\n<!-- \/ Yoast SEO plugin. -->","yoast_head_json":{"title":"CENTRE ASTRON\u00d2MIC DEL CASTELL DE LLADURS - Astronomy in the Solson\u00e8s","robots":{"index":"index","follow":"follow","max-snippet":"max-snippet:-1","max-image-preview":"max-image-preview:large","max-video-preview":"max-video-preview:-1"},"canonical":"https:\/\/astrosolsones.com\/centre-astronomic-del-castell-de-lladurs\/","og_locale":"en_GB","og_type":"article","og_title":"CENTRE ASTRON\u00d2MIC DEL CASTELL DE LLADURS - Astronomy in the Solson\u00e8s","og_url":"https:\/\/astrosolsones.com\/centre-astronomic-del-castell-de-lladurs\/","og_site_name":"Astronomy in the Solson\u00e8s","article_modified_time":"2026-02-04T12:48:38+00:00","og_image":[{"width":2560,"height":2560,"url":"https:\/\/astrosolsones.com\/wp-content\/uploads\/2023\/05\/IMG_20230508_165044-quadrat-scaled.jpg","type":"image\/jpeg"}],"twitter_card":"summary_large_image","twitter_misc":{"Est. reading time":"5 minutes"},"schema":{"@context":"https:\/\/schema.org","@graph":[{"@type":"WebPage","@id":"https:\/\/astrosolsones.com\/centre-astronomic-del-castell-de-lladurs\/","url":"https:\/\/astrosolsones.com\/centre-astronomic-del-castell-de-lladurs\/","name":"CENTRE ASTRON\u00d2MIC DEL CASTELL DE LLADURS - Astronomy in the Solson\u00e8s","isPartOf":{"@id":"https:\/\/astrosolsones.com\/#website"},"primaryImageOfPage":{"@id":"https:\/\/astrosolsones.com\/centre-astronomic-del-castell-de-lladurs\/#primaryimage"},"image":{"@id":"https:\/\/astrosolsones.com\/centre-astronomic-del-castell-de-lladurs\/#primaryimage"},"thumbnailUrl":"https:\/\/astrosolsones.com\/wp-content\/uploads\/2023\/05\/IMG_20230508_165044-quadrat-1024x1024.jpg","datePublished":"2023-06-15T15:58:23+00:00","dateModified":"2026-02-04T12:48:38+00:00","description":"El Centre Astron\u00f2mic del castell de Lladurs ha estat impulsat per l'Ajuntament en un castell medieval La voluntat \u00e9s revaloritzar-lo i donar-li la import\u00e0ncia que ha tingut al llarg de 1000 anys d'hist\u00f2ria. Dins de les activitats que acull hi ha un centre astron\u00f2mic totalment integrat que permetr\u00e0 a totes les persones visitants acostar-se a l'astronomia i gaudir amb la observaci\u00f3 dels estels des d'un punt amb molt bones condicions de foscor nocturna. Aquests tipus d'activitats son molt ben valorades i constitueixen una experi\u00e8ncia que dif\u00edcilment podr\u00e0n esborrar de la seva mem\u00f2ria els visitants que les gaudeixin.","breadcrumb":{"@id":"https:\/\/astrosolsones.com\/centre-astronomic-del-castell-de-lladurs\/#breadcrumb"},"inLanguage":"en-GB","potentialAction":[{"@type":"ReadAction","target":["https:\/\/astrosolsones.com\/centre-astronomic-del-castell-de-lladurs\/"]}]},{"@type":"ImageObject","inLanguage":"en-GB","@id":"https:\/\/astrosolsones.com\/centre-astronomic-del-castell-de-lladurs\/#primaryimage","url":"https:\/\/astrosolsones.com\/wp-content\/uploads\/2023\/05\/IMG_20230508_165044-quadrat-1024x1024.jpg","contentUrl":"https:\/\/astrosolsones.com\/wp-content\/uploads\/2023\/05\/IMG_20230508_165044-quadrat-1024x1024.jpg"},{"@type":"BreadcrumbList","@id":"https:\/\/astrosolsones.com\/centre-astronomic-del-castell-de-lladurs\/#breadcrumb","itemListElement":[{"@type":"ListItem","position":1,"name":"Home","item":"https:\/\/astrosolsones.com\/"},{"@type":"ListItem","position":2,"name":"CENTRE ASTRON\u00d2MIC DEL CASTELL DE LLADURS"}]},{"@type":"WebSite","@id":"https:\/\/astrosolsones.com\/#website","url":"https:\/\/astrosolsones.com\/","name":"Astronomia al Solson\u00e8s","description":"Astronomical observation experiences to discover the universe at the observatory or at home for families, schools, organizations and companies","publisher":{"@id":"https:\/\/astrosolsones.com\/#organization"},"potentialAction":[{"@type":"SearchAction","target":{"@type":"EntryPoint","urlTemplate":"https:\/\/astrosolsones.com\/?s={search_term_string}"},"query-input":{"@type":"PropertyValueSpecification","valueRequired":true,"valueName":"search_term_string"}}],"inLanguage":"en-GB"},{"@type":"Organization","@id":"https:\/\/astrosolsones.com\/#organization","name":"Astronomia al Solson\u00e8s","url":"https:\/\/astrosolsones.com\/","logo":{"@type":"ImageObject","inLanguage":"en-GB","@id":"https:\/\/astrosolsones.com\/#\/schema\/logo\/image\/","url":"https:\/\/astrosolsones.com\/wp-content\/uploads\/2024\/06\/Logo-Astrosolsones-fons-blanc.png","contentUrl":"https:\/\/astrosolsones.com\/wp-content\/uploads\/2024\/06\/Logo-Astrosolsones-fons-blanc.png","width":1983,"height":1640,"caption":"Astronomia al Solson\u00e8s"},"image":{"@id":"https:\/\/astrosolsones.com\/#\/schema\/logo\/image\/"},"sameAs":["https:\/\/www.instagram.com\/astrosolsones\/"]}]}},"_links":{"self":[{"href":"https:\/\/astrosolsones.com\/en\/wp-json\/wp\/v2\/pages\/425","targetHints":{"allow":["GET"]}}],"collection":[{"href":"https:\/\/astrosolsones.com\/en\/wp-json\/wp\/v2\/pages"}],"about":[{"href":"https:\/\/astrosolsones.com\/en\/wp-json\/wp\/v2\/types\/page"}],"author":[{"embeddable":true,"href":"https:\/\/astrosolsones.com\/en\/wp-json\/wp\/v2\/users\/1"}],"replies":[{"embeddable":true,"href":"https:\/\/astrosolsones.com\/en\/wp-json\/wp\/v2\/comments?post=425"}],"version-history":[{"count":45,"href":"https:\/\/astrosolsones.com\/en\/wp-json\/wp\/v2\/pages\/425\/revisions"}],"predecessor-version":[{"id":951,"href":"https:\/\/astrosolsones.com\/en\/wp-json\/wp\/v2\/pages\/425\/revisions\/951"}],"wp:attachment":[{"href":"https:\/\/astrosolsones.com\/en\/wp-json\/wp\/v2\/media?parent=425"}],"curies":[{"name":"wp","href":"https:\/\/api.w.org\/{rel}","templated":true}]}}