{"id":322,"date":"2022-02-15T18:22:57","date_gmt":"2022-02-15T17:22:57","guid":{"rendered":"https:\/\/astrosolsones.com\/?page_id=322"},"modified":"2023-10-26T15:29:58","modified_gmt":"2023-10-26T13:29:58","slug":"taller","status":"publish","type":"page","link":"https:\/\/astrosolsones.com\/en\/taller\/","title":{"rendered":"Taller astronomia"},"content":{"rendered":"\n<p><\/p>\n\n\n\n<p>Jordi Fraxanet  Web: <a rel=\"noreferrer noopener\" href=\"https:\/\/astrosolsones.com\/\" data-type=\"URL\" data-id=\"https:\/\/astrosolsones.com\/\" target=\"_blank\">astrosolsones.com<\/a><\/p>\n\n\n\n<h2 class=\"wp-block-heading\" style=\"font-size:30px\">Enlla\u00e7os d&#8217;inter\u00e8s:<\/h2>\n\n\n\n<h3 class=\"wp-block-heading\"><strong>App Android:<\/strong><\/h3>\n\n\n\n<p><strong>Sky Map &nbsp; <\/strong><a href=\"https:\/\/play.google.com\/store\/apps\/details?id=com.google.android.stardroid\">https:\/\/play.google.com\/store\/apps\/details?id=com.google.android.stardroid<\/a><\/p>\n\n\n\n<p><strong>Stellarium Mobile Free<\/strong>: <a href=\"https:\/\/play.google.com\/store\/apps\/details?id=com.noctuasoftware.stellarium_free\">https:\/\/play.google.com\/store\/apps\/details?id=com.noctuasoftware.stellarium_free<\/a><\/p>\n\n\n\n<h3 class=\"wp-block-heading\"><strong>App Iphone:<\/strong><\/h3>\n\n\n\n<p><strong>Mapa Estelar:<\/strong> <a href=\"https:\/\/apps.apple.com\/es\/app\/mapa-estelar\/id345542655\">https:\/\/apps.apple.com\/es\/app\/mapa-estelar\/id345542655<\/a><\/p>\n\n\n\n<h3 class=\"wp-block-heading\"><strong>Programa i Web planetari per Ordinador : <\/strong><\/h3>\n\n\n\n<p><a href=\"https:\/\/stellarium.org\/ca\/\">https:\/\/stellarium.org\/ca\/<\/a><\/p>\n\n\n\n<p><\/p>\n\n\n\n<h3 class=\"wp-block-heading has-medium-font-size\"><strong>Fotografia astron\u00f2mica del dia:<\/strong><\/h3>\n\n\n\n<p><a href=\"http:\/\/www.apod.cat\" target=\"_blank\" rel=\"noreferrer noopener\">http:\/\/www.apod.cat<\/a><\/p>\n\n\n\n<h3 class=\"wp-block-heading\"><strong>Web Calendari Efem\u00e8rides<\/strong><\/h3>\n\n\n\n<p><a href=\"https:\/\/serviastro.ub.edu\/agenda-astronomica\">https:\/\/serviastro.ub.edu\/agenda-astronomica<\/a><\/p>\n\n\n\n<p><\/p>\n\n\n\n<p class=\"has-medium-font-size\" id=\"telescopi\"><strong>Com muntar  un telescopi<\/strong><\/p>\n\n\n\n<p class=\"has-small-font-size\">1\/ Equilibrar la muntura amb nivell i alinear amb la polar (si \u00e9s<br>equatorial)<\/p>\n\n\n\n<p class=\"has-small-font-size\">2\/Muntar el tub i assegurar-se que tots els cargols estan forts i no balla<br>res.<\/p>\n\n\n\n<p class=\"has-small-font-size\">3\/Equilibrar el contrap\u00e8s i el tub<\/p>\n\n\n\n<p class=\"has-small-font-size\">4\/Posar un ocular amb la focal m\u00e9s gran (m\u00e9s camp). Entre 20 i 35<br>mm.<\/p>\n\n\n\n<p class=\"has-small-font-size\">5\/ Si te buscador alinear-lo amb un objecte terrestre f\u00e0cil<\/p>\n\n\n\n<p class=\"has-small-font-size\">6\/ Apuntar a un objecte llumin\u00f3s (lluna, venus, estel brillant) fins que el<br>veiem dins del camp de visi\u00f3<\/p>\n\n\n\n<p class=\"has-small-font-size\">7\/ Enfocar fins que es vegi el punt m\u00e9s petit si \u00e9s un estel<\/p>\n\n\n\n<p class=\"has-small-font-size\">8\/ Ara ja es pot posar un ocular de focal m\u00e9s petita per obtenir un<br>major augment. Entre 20 i 10.<\/p>\n\n\n\n<p class=\"has-small-font-size\">Augment: Dist\u00e0ncia focal telescopi (mm)\/ focal ocular. Habitual: Entre<br>25 i 100.<\/p>\n\n\n\n<p class=\"has-small-font-size\">Problemes que ens podem trobar<\/p>\n\n\n\n<p class=\"has-small-font-size\">No aconseguim apuntar a cap objecte<br>-Revisar alineaci\u00f3 buscador<br>-Revisar enfoc, igual no veiem perqu\u00e8 esta desenfocat<br>-Apuntar com si apunt\u00e9ssim un can\u00f3<br>-Provar amb objectes brillants (lluna, venus, estel brillant)<\/p>\n\n\n\n<p class=\"has-small-font-size\">No aconseguim veure enfocat<br>-Provar d\u2019enfocar mirant a objecte terrestre lluny\u00e0.<br>-Potser cal posar un accessori (lent barlow,\u2026)<br>-Potser l\u2019ocular te una focal excessivament petita o \u00e9s de<br>mala qualitat, provar amb un altre ocular<\/p>\n\n\n\n<p class=\"has-medium-font-size\"><strong>Quatre<\/strong> <strong> propostes de telescopis d&#8217;iniciaci\u00f3<\/strong><\/p>\n\n\n\n<p>Per nens: <a href=\"https:\/\/www.telescopiomania.com\/telescopios-reflectores-newton\/2838-telescopio-celestron-astromaster-lt-76-az-31036.html\">https:\/\/www.telescopiomania.com\/telescopios-reflectores-newton\/2838-telescopio-celestron-astromaster-lt-76-az-31036.html<\/a><\/p>\n\n\n\n<p>Bona relaci\u00f3 qualitat\/preu i tot terreny: <a href=\"https:\/\/www.telescopiomania.com\/telescopios-reflectores-newton\/5600-telescopio-reflector-newton-skywatcher-130900-eq2.html\">https:\/\/www.telescopiomania.com\/telescopios-reflectores-newton\/5600-telescopio-reflector-newton-skywatcher-130900-eq2.html<\/a><\/p>\n\n\n\n<p>Per cel profund: <a href=\"https:\/\/www.telescopiomania.com\/telescopios-reflectores-newton\/1242-telescopio-celestron-astromaster-130-eq-31045.html\">https:\/\/www.telescopiomania.com\/telescopios-reflectores-newton\/1242-telescopio-celestron-astromaster-130-eq-31045.html<\/a><\/p>\n\n\n\n<p>Per frikis del m\u00f2bil: <a href=\"https:\/\/www.telescopiomania.com\/telescopios-reflectores-newton\/9077-telescopio-reflector-celestron-starsense-explorer-127-lt-newton.html\">https:\/\/www.telescopiomania.com\/telescopios-reflectores-newton\/9077-telescopio-reflector-celestron-starsense-explorer-127-lt-newton.html<\/a><\/p>\n\n\n\n<p class=\"has-medium-font-size\"> <strong>Construir un rellotge de sol<\/strong> <\/p>\n\n\n\n<p><a href=\"http:\/\/www.maspedro.e.telefonica.net\/webescola\/solretallables.pdf\">http:\/\/www.maspedro.e.telefonica.net\/webescola\/solretallables.pdf<\/a><\/p>\n\n\n\n<p><\/p>\n\n\n\n<p><\/p>\n","protected":false},"excerpt":{"rendered":"<p>Jordi Fraxanet Web: astrosolsones.com Enlla\u00e7os d&#8217;inter\u00e8s: App Android: Sky Map &nbsp; https:\/\/play.google.com\/store\/apps\/details?id=com.google.android.stardroid Stellarium Mobile Free: https:\/\/play.google.com\/store\/apps\/details?id=com.noctuasoftware.stellarium_free App Iphone: Mapa Estelar: https:\/\/apps.apple.com\/es\/app\/mapa-estelar\/id345542655 Programa i Web planetari per Ordinador : https:\/\/stellarium.org\/ca\/ Fotografia astron\u00f2mica del dia: http:\/\/www.apod.cat Web Calendari Efem\u00e8rides https:\/\/serviastro.ub.edu\/agenda-astronomica Com muntar un telescopi 1\/ Equilibrar la muntura amb nivell i alinear amb la polar (si \u00e9sequatorial) &hellip; <\/p>\n<p class=\"link-more\"><a href=\"https:\/\/astrosolsones.com\/en\/taller\/\" class=\"more-link\">Continue reading<span class=\"screen-reader-text\"> &#8220;Taller astronomia&#8221;<\/span><\/a><\/p>\n","protected":false},"author":1,"featured_media":0,"parent":0,"menu_order":0,"comment_status":"closed","ping_status":"closed","template":"","meta":{"footnotes":""},"class_list":["post-322","page","type-page","status-publish","hentry"],"translation":{"provider":"WPGlobus","version":"3.0.2","language":"en","enabled_languages":["ca","es","en"],"languages":{"ca":{"title":true,"content":true,"excerpt":false},"es":{"title":false,"content":false,"excerpt":false},"en":{"title":false,"content":false,"excerpt":false}}},"yoast_head":"<!-- This site is optimized with the Yoast SEO plugin v27.4 - https:\/\/yoast.com\/product\/yoast-seo-wordpress\/ -->\n<title>Taller astronomia - Astronomy in the Solson\u00e8s<\/title>\n<meta name=\"robots\" content=\"index, follow, max-snippet:-1, max-image-preview:large, max-video-preview:-1\" \/>\n<link rel=\"canonical\" href=\"https:\/\/astrosolsones.com\/taller\/\" \/>\n<meta property=\"og:locale\" content=\"en_GB\" \/>\n<meta property=\"og:type\" content=\"article\" \/>\n<meta property=\"og:title\" content=\"Taller astronomia - Astronomy in the Solson\u00e8s\" \/>\n<meta property=\"og:url\" content=\"https:\/\/astrosolsones.com\/taller\/\" \/>\n<meta property=\"og:site_name\" content=\"Astronomy in the Solson\u00e8s\" \/>\n<meta property=\"article:modified_time\" content=\"2023-10-26T13:29:58+00:00\" \/>\n<meta name=\"twitter:card\" content=\"summary_large_image\" \/>\n<meta name=\"twitter:label1\" content=\"Est. reading time\" \/>\n\t<meta name=\"twitter:data1\" content=\"2 minutes\" \/>\n<script type=\"application\/ld+json\" class=\"yoast-schema-graph\">{\"@context\":\"https:\\\/\\\/schema.org\",\"@graph\":[{\"@type\":\"WebPage\",\"@id\":\"https:\\\/\\\/astrosolsones.com\\\/taller\\\/\",\"url\":\"https:\\\/\\\/astrosolsones.com\\\/taller\\\/\",\"name\":\"Taller astronomia - Astronomy in the Solson\u00e8s\",\"isPartOf\":{\"@id\":\"https:\\\/\\\/astrosolsones.com\\\/#website\"},\"datePublished\":\"2022-02-15T17:22:57+00:00\",\"dateModified\":\"2023-10-26T13:29:58+00:00\",\"breadcrumb\":{\"@id\":\"https:\\\/\\\/astrosolsones.com\\\/taller\\\/#breadcrumb\"},\"inLanguage\":\"en-GB\",\"potentialAction\":[{\"@type\":\"ReadAction\",\"target\":[\"https:\\\/\\\/astrosolsones.com\\\/taller\\\/\"]}]},{\"@type\":\"BreadcrumbList\",\"@id\":\"https:\\\/\\\/astrosolsones.com\\\/taller\\\/#breadcrumb\",\"itemListElement\":[{\"@type\":\"ListItem\",\"position\":1,\"name\":\"Home\",\"item\":\"https:\\\/\\\/astrosolsones.com\\\/\"},{\"@type\":\"ListItem\",\"position\":2,\"name\":\"Taller astronomia\"}]},{\"@type\":\"WebSite\",\"@id\":\"https:\\\/\\\/astrosolsones.com\\\/#website\",\"url\":\"https:\\\/\\\/astrosolsones.com\\\/\",\"name\":\"Astronomia al Solson\u00e8s\",\"description\":\"Astronomical observation experiences to discover the universe at the observatory or at home for families, schools, organizations and companies\",\"publisher\":{\"@id\":\"https:\\\/\\\/astrosolsones.com\\\/#organization\"},\"potentialAction\":[{\"@type\":\"SearchAction\",\"target\":{\"@type\":\"EntryPoint\",\"urlTemplate\":\"https:\\\/\\\/astrosolsones.com\\\/?s={search_term_string}\"},\"query-input\":{\"@type\":\"PropertyValueSpecification\",\"valueRequired\":true,\"valueName\":\"search_term_string\"}}],\"inLanguage\":\"en-GB\"},{\"@type\":\"Organization\",\"@id\":\"https:\\\/\\\/astrosolsones.com\\\/#organization\",\"name\":\"Astronomia al Solson\u00e8s\",\"url\":\"https:\\\/\\\/astrosolsones.com\\\/\",\"logo\":{\"@type\":\"ImageObject\",\"inLanguage\":\"en-GB\",\"@id\":\"https:\\\/\\\/astrosolsones.com\\\/#\\\/schema\\\/logo\\\/image\\\/\",\"url\":\"https:\\\/\\\/astrosolsones.com\\\/wp-content\\\/uploads\\\/2024\\\/06\\\/Logo-Astrosolsones-fons-blanc.png\",\"contentUrl\":\"https:\\\/\\\/astrosolsones.com\\\/wp-content\\\/uploads\\\/2024\\\/06\\\/Logo-Astrosolsones-fons-blanc.png\",\"width\":1983,\"height\":1640,\"caption\":\"Astronomia al Solson\u00e8s\"},\"image\":{\"@id\":\"https:\\\/\\\/astrosolsones.com\\\/#\\\/schema\\\/logo\\\/image\\\/\"},\"sameAs\":[\"https:\\\/\\\/www.instagram.com\\\/astrosolsones\\\/\"]}]}<\/script>\n<!-- \/ Yoast SEO plugin. -->","yoast_head_json":{"title":"Taller astronomia - Astronomy in the Solson\u00e8s","robots":{"index":"index","follow":"follow","max-snippet":"max-snippet:-1","max-image-preview":"max-image-preview:large","max-video-preview":"max-video-preview:-1"},"canonical":"https:\/\/astrosolsones.com\/taller\/","og_locale":"en_GB","og_type":"article","og_title":"Taller astronomia - Astronomy in the Solson\u00e8s","og_url":"https:\/\/astrosolsones.com\/taller\/","og_site_name":"Astronomy in the Solson\u00e8s","article_modified_time":"2023-10-26T13:29:58+00:00","twitter_card":"summary_large_image","twitter_misc":{"Est. reading time":"2 minutes"},"schema":{"@context":"https:\/\/schema.org","@graph":[{"@type":"WebPage","@id":"https:\/\/astrosolsones.com\/taller\/","url":"https:\/\/astrosolsones.com\/taller\/","name":"Taller astronomia - Astronomy in the Solson\u00e8s","isPartOf":{"@id":"https:\/\/astrosolsones.com\/#website"},"datePublished":"2022-02-15T17:22:57+00:00","dateModified":"2023-10-26T13:29:58+00:00","breadcrumb":{"@id":"https:\/\/astrosolsones.com\/taller\/#breadcrumb"},"inLanguage":"en-GB","potentialAction":[{"@type":"ReadAction","target":["https:\/\/astrosolsones.com\/taller\/"]}]},{"@type":"BreadcrumbList","@id":"https:\/\/astrosolsones.com\/taller\/#breadcrumb","itemListElement":[{"@type":"ListItem","position":1,"name":"Home","item":"https:\/\/astrosolsones.com\/"},{"@type":"ListItem","position":2,"name":"Taller astronomia"}]},{"@type":"WebSite","@id":"https:\/\/astrosolsones.com\/#website","url":"https:\/\/astrosolsones.com\/","name":"Astronomia al Solson\u00e8s","description":"Astronomical observation experiences to discover the universe at the observatory or at home for families, schools, organizations and companies","publisher":{"@id":"https:\/\/astrosolsones.com\/#organization"},"potentialAction":[{"@type":"SearchAction","target":{"@type":"EntryPoint","urlTemplate":"https:\/\/astrosolsones.com\/?s={search_term_string}"},"query-input":{"@type":"PropertyValueSpecification","valueRequired":true,"valueName":"search_term_string"}}],"inLanguage":"en-GB"},{"@type":"Organization","@id":"https:\/\/astrosolsones.com\/#organization","name":"Astronomia al Solson\u00e8s","url":"https:\/\/astrosolsones.com\/","logo":{"@type":"ImageObject","inLanguage":"en-GB","@id":"https:\/\/astrosolsones.com\/#\/schema\/logo\/image\/","url":"https:\/\/astrosolsones.com\/wp-content\/uploads\/2024\/06\/Logo-Astrosolsones-fons-blanc.png","contentUrl":"https:\/\/astrosolsones.com\/wp-content\/uploads\/2024\/06\/Logo-Astrosolsones-fons-blanc.png","width":1983,"height":1640,"caption":"Astronomia al Solson\u00e8s"},"image":{"@id":"https:\/\/astrosolsones.com\/#\/schema\/logo\/image\/"},"sameAs":["https:\/\/www.instagram.com\/astrosolsones\/"]}]}},"_links":{"self":[{"href":"https:\/\/astrosolsones.com\/en\/wp-json\/wp\/v2\/pages\/322","targetHints":{"allow":["GET"]}}],"collection":[{"href":"https:\/\/astrosolsones.com\/en\/wp-json\/wp\/v2\/pages"}],"about":[{"href":"https:\/\/astrosolsones.com\/en\/wp-json\/wp\/v2\/types\/page"}],"author":[{"embeddable":true,"href":"https:\/\/astrosolsones.com\/en\/wp-json\/wp\/v2\/users\/1"}],"replies":[{"embeddable":true,"href":"https:\/\/astrosolsones.com\/en\/wp-json\/wp\/v2\/comments?post=322"}],"version-history":[{"count":10,"href":"https:\/\/astrosolsones.com\/en\/wp-json\/wp\/v2\/pages\/322\/revisions"}],"predecessor-version":[{"id":484,"href":"https:\/\/astrosolsones.com\/en\/wp-json\/wp\/v2\/pages\/322\/revisions\/484"}],"wp:attachment":[{"href":"https:\/\/astrosolsones.com\/en\/wp-json\/wp\/v2\/media?parent=322"}],"curies":[{"name":"wp","href":"https:\/\/api.w.org\/{rel}","templated":true}]}}